{"id":1948,"date":"2023-08-14T09:34:25","date_gmt":"2023-08-14T13:34:25","guid":{"rendered":"https:\/\/palplus.ca\/?page_id=1948"},"modified":"2025-05-13T09:24:58","modified_gmt":"2025-05-13T13:24:58","slug":"giftcardterms","status":"publish","type":"page","link":"https:\/\/palplus.ca\/en\/giftcardterms\/","title":{"rendered":"Gift Cards Terms &#038; Conditions"},"content":{"rendered":"\n<div class=\"wp-block-group block-page-header compact relative is-layout-flow wp-block-group-is-layout-flow\"><figure class=\"wp-block-post-featured-image\"><img loading=\"lazy\" decoding=\"async\" width=\"1920\" height=\"480\" src=\"https:\/\/palplus.ca\/wp-content\/uploads\/2022\/10\/pal-bandeau-tout-1.png\" class=\"attachment-post-thumbnail size-post-thumbnail wp-post-image\" alt=\"\" style=\"object-fit:cover;\" srcset=\"https:\/\/palplus.ca\/wp-content\/uploads\/2022\/10\/pal-bandeau-tout-1.png 1920w, https:\/\/palplus.ca\/wp-content\/uploads\/2022\/10\/pal-bandeau-tout-1-300x75.png 300w, https:\/\/palplus.ca\/wp-content\/uploads\/2022\/10\/pal-bandeau-tout-1-1024x256.png 1024w, https:\/\/palplus.ca\/wp-content\/uploads\/2022\/10\/pal-bandeau-tout-1-768x192.png 768w, https:\/\/palplus.ca\/wp-content\/uploads\/2022\/10\/pal-bandeau-tout-1-1536x384.png 1536w\" sizes=\"auto, (max-width: 1920px) 100vw, 1920px\" \/><\/figure>\n\n\n<div class=\"wp-block-group is-layout-flow wp-block-group-is-layout-flow\">\n<h1 class=\"wp-block-heading\">Gift Cards Terms &amp; Conditions<\/h1>\n<\/div>\n<\/div>\n\n\n\n<div class=\"wp-block-group block-text pad-vertical-2xl pad-horizontal-4xl is-layout-flow wp-block-group-is-layout-flow\">\n<div class=\"wp-block-columns is-layout-flex wp-container-core-columns-is-layout-9d6595d7 wp-block-columns-is-layout-flex\">\n<div class=\"wp-block-column is-layout-flow wp-block-column-is-layout-flow\">\n<div style=\"height:50px\" aria-hidden=\"true\" class=\"wp-block-spacer\"><\/div>\n\n\n\n<h3 class=\"wp-block-heading has-text-align-center\" style=\"font-style:normal;font-weight:400\">With our online system, you can buy a gift card for any one of the PAL+ experiences, or all PAL+ businesses.<\/h3>\n\n\n\n<p class=\"has-text-align-center\">Enjoy a unique experience in the Eastern Townships with our 2 hotels, 4 restaurants, an ice cream parlor and our cruise ship! You probably already know them as <a href=\"https:\/\/espace4saisons.com\/en\/\">Espace 4 Saisons<\/a>, <a href=\"https:\/\/hotelverso.ca\/en\/\">Vers\u014d<\/a> hotel, <a href=\"https:\/\/espace4saisons.com\/en\/bistro\/\">Bistro 4 Saisons<\/a>, <a rel=\"noreferrer noopener\" href=\"https:\/\/www.burger-pub.com\/\" target=\"_blank\">Burger Pub<\/a>, <a href=\"https:\/\/bistrokoz.ca\/en\/\">K\u00f3z<\/a> bistro, <a href=\"https:\/\/omgresto.com\/en\/\">OMG Resto<\/a>, <a rel=\"noreferrer noopener\" href=\"https:\/\/hotelverso.ca\/en\/lecornet\/\" data-type=\"link\" data-id=\"https:\/\/hotelverso.ca\/en\/lecornet\/\" target=\"_blank\">LeCornet<\/a>, and <a href=\"https:\/\/escapadesmemphremagog.com\/en\/\">Escapades Memphr\u00e9magog<\/a>.<\/p>\n\n\n\n<p class=\"has-text-align-center\"><em>Certain conditions apply. Please read all the terms and conditions at the bottom of the page before making your purchase.<\/em><\/p>\n\n\n\n<div class=\"wp-block-buttons is-content-justification-center is-layout-flex wp-container-core-buttons-is-layout-16018d1d wp-block-buttons-is-layout-flex\">\n<div class=\"wp-block-button\"><a class=\"wp-block-button__link has-text-align-center wp-element-button\" href=\"https:\/\/pal.achatdecartescadeaux.com\/en\/store\/\" target=\"_blank\" rel=\"noreferrer noopener\">Buy online<\/a><\/div>\n<\/div>\n<\/div>\n<\/div>\n<\/div>\n\n\n\n<div class=\"wp-block-group is-vertical is-layout-flex wp-container-core-group-is-layout-514e969e wp-block-group-is-layout-flex\" style=\"padding-top:0px;padding-right:100px;padding-bottom:100px;padding-left:100px\">\n<hr class=\"wp-block-separator has-alpha-channel-opacity\"\/>\n\n\n\n<hr class=\"wp-block-separator has-alpha-channel-opacity\"\/>\n\n\n\n<p><\/p>\n\n\n\n<h2 class=\"wp-block-heading\"><strong>Terms and Conditions of Use<\/strong><\/h2>\n\n\n\n<p><\/p>\n\n\n\n<p><strong>Regular gifts cards<\/strong> : <\/p>\n\n\n\n<p>If you purchase a gift card for a specific business: use this card up to its value to pay for purchases at this establishment.<\/p>\n\n\n\n<p>If you purchase a PAL+ gift card: use this card up to its value to pay for purchases at all members of PAL+ | Touristic Experiences (Espace 4 Saisons, Vers\u014d hotel, Bistro 4 Saisons, Burger Pub, K\u00f3z bistro, LeCornet, OMG Resto and Escapades Memphr\u00e9magog).<\/p>\n\n\n\n<p>This card is in Canadian currency and redeemable only for the purchase of taxable goods or services, has no cash value, is non-refundable (subject to applicable provincial laws, if need be) and may not be used for the payment of a credit account. This card is valid for life. When the balance reaches zero, you can add more funds if you wish. For a transaction exceeding the available balance, you can combine the use of the gift card with another payment method.<\/p>\n\n\n\n<p>Virtual gift cards are only available to purchase online, and you will receive it by email. You will need to print this gift card (and not the purchase confirmation) and bring it with you in the establishment of your choice to be able to use it.<\/p>\n\n\n\n<p>If you would like a \u201cphysical\u201d plastic gift card, please visit one of our establishments or call us: 1 855 330-6001. To get it by mail, please take into consideration the usual Canada Post delay and a charge of $3.50.<\/p>\n\n\n\n<p>PAL+ | Touristic Experiences has no obligation to replace or honour this card if it is lost or stolen.<\/p>\n\n\n\n<p>For any questions, you can contact our team: <a href=\"mailto:cartescadeaux@palplus.ca\">cartescadeaux@palplus.ca<\/a> <\/p>\n\n\n\n<p><strong>Mother&#8217;s Day promotion<\/strong> (Until May 11, 2025) :<\/p>\n\n\n\n<p>For the Mother Day\u2019s offer, PAL+ is offering an additional $10 for every $100 gift card purchases, resulting in one virtual gift card for the value of your purchase and a second for the value of your bonus. This promotion is available for the PAL+ card only.<\/p>\n\n\n\n<p>Please note that you will only see the $100 in the confirmation e-mail; that\u2019s normal! The $10 bonus will be sent in a separate e-mail.<\/p>\n\n\n\n<p>Use the PAL+ gift card up to its full value to pay for your purchases at all PAL+ | Exp\u00e9riences touristiques members: Espace 4 Saisons, H\u00f4tel Vers\u014d, Bistro 4 Saisons, Burger Pub, bistro K\u00f3z, LeCornet, OMG Resto, Escapades Memphr\u00e9magog and Ratatouille.<br><br>Use this gift card up to its value to pay for purchases at all members of PAL+ | Touristic Experiences: Espace 4 Saisons, Vers\u014d hotel, Bistro 4 Saisons, Burger Pub, K\u00f3z bistro, LeCornet, OMG Resto, Escapades Memphr\u00e9magog and Ratatouille.<br><br>This card is in Canadian currency and redeemable only for the purchase of taxable goods or services, has no cash value, is non-refundable (subject to applicable provincial laws, if need be) and may not be used for the payment of a credit account. This card is valid for life. When the balance reaches zero, you can add more funds if you wish. For a transaction exceeding the available balance, you can combine the use of the gift card with another payment method.<br><br>Virtual gift cards are only available to purchase online, and you will receive it by email.<br><br>PAL+ | Touristic Experiences has no obligation to replace or honour this card if it is lost or stolen.<\/p>\n<\/div>\n","protected":false},"excerpt":{"rendered":"<p>Gift Cards Terms &amp; Conditions With our online system, you can buy a gift card for any one of the PAL+ experiences, or all PAL+ businesses. Enjoy a unique experience in the Eastern Townships with our 2 hotels, 4 restaurants, an ice cream parlor and our cruise ship! You probably already know them as Espace [&hellip;]<\/p>\n","protected":false},"author":7,"featured_media":1664,"parent":0,"menu_order":0,"comment_status":"closed","ping_status":"closed","template":"","meta":{"_acf_changed":false,"inline_featured_image":false,"footnotes":""},"class_list":["post-1948","page","type-page","status-publish","has-post-thumbnail","hentry"],"acf":[],"yoast_head":"<!-- This site is optimized with the Yoast SEO plugin v27.5 - https:\/\/yoast.com\/product\/yoast-seo-wordpress\/ -->\n<title>Gift Cards Terms &amp; Conditions &#8212; PAL+<\/title>\n<meta name=\"description\" content=\"Mother&#039;s Day is coming soon! Take advantage of our offer and get an additional amount when you purchase a PAL+ gift card.\" \/>\n<meta name=\"robots\" content=\"index, follow, max-snippet:-1, max-image-preview:large, max-video-preview:-1\" \/>\n<link rel=\"canonical\" href=\"https:\/\/palplus.ca\/en\/giftcardterms\/\" \/>\n<meta property=\"og:locale\" content=\"en_US\" \/>\n<meta property=\"og:type\" content=\"article\" \/>\n<meta property=\"og:title\" content=\"Gift Cards Terms &amp; Conditions &#8212; PAL+\" \/>\n<meta property=\"og:description\" content=\"Mother&#039;s Day is coming soon! Take advantage of our offer and get an additional amount when you purchase a PAL+ gift card.\" \/>\n<meta property=\"og:url\" content=\"https:\/\/palplus.ca\/en\/giftcardterms\/\" \/>\n<meta property=\"og:site_name\" content=\"PAL+\" \/>\n<meta property=\"article:modified_time\" content=\"2025-05-13T13:24:58+00:00\" \/>\n<meta property=\"og:image\" content=\"https:\/\/palplus.ca\/wp-content\/uploads\/2022\/10\/pal-bandeau-tout-1.png\" \/>\n\t<meta property=\"og:image:width\" content=\"1920\" \/>\n\t<meta property=\"og:image:height\" content=\"480\" \/>\n\t<meta property=\"og:image:type\" content=\"image\/png\" \/>\n<meta name=\"twitter:card\" content=\"summary_large_image\" \/>\n<meta name=\"twitter:label1\" content=\"Est. reading time\" \/>\n\t<meta name=\"twitter:data1\" content=\"4 minutes\" \/>\n<script type=\"application\/ld+json\" class=\"yoast-schema-graph\">{\"@context\":\"https:\\\/\\\/schema.org\",\"@graph\":[{\"@type\":\"WebPage\",\"@id\":\"https:\\\/\\\/palplus.ca\\\/en\\\/giftcardterms\\\/\",\"url\":\"https:\\\/\\\/palplus.ca\\\/en\\\/giftcardterms\\\/\",\"name\":\"Gift Cards Terms & Conditions &#8212; PAL+\",\"isPartOf\":{\"@id\":\"https:\\\/\\\/palplus.ca\\\/en\\\/#website\"},\"primaryImageOfPage\":{\"@id\":\"https:\\\/\\\/palplus.ca\\\/en\\\/giftcardterms\\\/#primaryimage\"},\"image\":{\"@id\":\"https:\\\/\\\/palplus.ca\\\/en\\\/giftcardterms\\\/#primaryimage\"},\"thumbnailUrl\":\"https:\\\/\\\/palplus.ca\\\/wp-content\\\/uploads\\\/2022\\\/10\\\/pal-bandeau-tout-1.png\",\"datePublished\":\"2023-08-14T13:34:25+00:00\",\"dateModified\":\"2025-05-13T13:24:58+00:00\",\"description\":\"Mother's Day is coming soon! Take advantage of our offer and get an additional amount when you purchase a PAL+ gift card.\",\"breadcrumb\":{\"@id\":\"https:\\\/\\\/palplus.ca\\\/en\\\/giftcardterms\\\/#breadcrumb\"},\"inLanguage\":\"en-US\",\"potentialAction\":[{\"@type\":\"ReadAction\",\"target\":[\"https:\\\/\\\/palplus.ca\\\/en\\\/giftcardterms\\\/\"]}]},{\"@type\":\"ImageObject\",\"inLanguage\":\"en-US\",\"@id\":\"https:\\\/\\\/palplus.ca\\\/en\\\/giftcardterms\\\/#primaryimage\",\"url\":\"https:\\\/\\\/palplus.ca\\\/wp-content\\\/uploads\\\/2022\\\/10\\\/pal-bandeau-tout-1.png\",\"contentUrl\":\"https:\\\/\\\/palplus.ca\\\/wp-content\\\/uploads\\\/2022\\\/10\\\/pal-bandeau-tout-1.png\",\"width\":1920,\"height\":480},{\"@type\":\"BreadcrumbList\",\"@id\":\"https:\\\/\\\/palplus.ca\\\/en\\\/giftcardterms\\\/#breadcrumb\",\"itemListElement\":[{\"@type\":\"ListItem\",\"position\":1,\"name\":\"Accueil\",\"item\":\"https:\\\/\\\/palplus.ca\\\/en\\\/\"},{\"@type\":\"ListItem\",\"position\":2,\"name\":\"Gift Cards Terms &#038; Conditions\"}]},{\"@type\":\"WebSite\",\"@id\":\"https:\\\/\\\/palplus.ca\\\/en\\\/#website\",\"url\":\"https:\\\/\\\/palplus.ca\\\/en\\\/\",\"name\":\"PAL+ Exp\u00e9riences Touristiques\",\"description\":\"Cr\u00e9ateur d&#039;exp\u00e9riences\",\"publisher\":{\"@id\":\"https:\\\/\\\/palplus.ca\\\/en\\\/#organization\"},\"potentialAction\":[{\"@type\":\"SearchAction\",\"target\":{\"@type\":\"EntryPoint\",\"urlTemplate\":\"https:\\\/\\\/palplus.ca\\\/en\\\/?s={search_term_string}\"},\"query-input\":{\"@type\":\"PropertyValueSpecification\",\"valueRequired\":true,\"valueName\":\"search_term_string\"}}],\"inLanguage\":\"en-US\"},{\"@type\":\"Organization\",\"@id\":\"https:\\\/\\\/palplus.ca\\\/en\\\/#organization\",\"name\":\"PAL+ Exp\u00e9riences Touristiques\",\"url\":\"https:\\\/\\\/palplus.ca\\\/en\\\/\",\"logo\":{\"@type\":\"ImageObject\",\"inLanguage\":\"en-US\",\"@id\":\"https:\\\/\\\/palplus.ca\\\/en\\\/#\\\/schema\\\/logo\\\/image\\\/\",\"url\":\"https:\\\/\\\/palplus.ca\\\/wp-content\\\/uploads\\\/2022\\\/08\\\/pal.jpg\",\"contentUrl\":\"https:\\\/\\\/palplus.ca\\\/wp-content\\\/uploads\\\/2022\\\/08\\\/pal.jpg\",\"width\":160,\"height\":160,\"caption\":\"PAL+ Exp\u00e9riences Touristiques\"},\"image\":{\"@id\":\"https:\\\/\\\/palplus.ca\\\/en\\\/#\\\/schema\\\/logo\\\/image\\\/\"},\"sameAs\":[\"https:\\\/\\\/www.linkedin.com\\\/company\\\/palplus\\\/?originalSubdomain=ca\",\"https:\\\/\\\/www.youtube.com\\\/channel\\\/UCZW6NKHiyis-UXnQz0bKX1A\"]}]}<\/script>\n<!-- \/ Yoast SEO plugin. -->","yoast_head_json":{"title":"Gift Cards Terms & Conditions &#8212; PAL+","description":"Mother's Day is coming soon! Take advantage of our offer and get an additional amount when you purchase a PAL+ gift card.","robots":{"index":"index","follow":"follow","max-snippet":"max-snippet:-1","max-image-preview":"max-image-preview:large","max-video-preview":"max-video-preview:-1"},"canonical":"https:\/\/palplus.ca\/en\/giftcardterms\/","og_locale":"en_US","og_type":"article","og_title":"Gift Cards Terms & Conditions &#8212; PAL+","og_description":"Mother's Day is coming soon! Take advantage of our offer and get an additional amount when you purchase a PAL+ gift card.","og_url":"https:\/\/palplus.ca\/en\/giftcardterms\/","og_site_name":"PAL+","article_modified_time":"2025-05-13T13:24:58+00:00","og_image":[{"width":1920,"height":480,"url":"https:\/\/palplus.ca\/wp-content\/uploads\/2022\/10\/pal-bandeau-tout-1.png","type":"image\/png"}],"twitter_card":"summary_large_image","twitter_misc":{"Est. reading time":"4 minutes"},"schema":{"@context":"https:\/\/schema.org","@graph":[{"@type":"WebPage","@id":"https:\/\/palplus.ca\/en\/giftcardterms\/","url":"https:\/\/palplus.ca\/en\/giftcardterms\/","name":"Gift Cards Terms & Conditions &#8212; PAL+","isPartOf":{"@id":"https:\/\/palplus.ca\/en\/#website"},"primaryImageOfPage":{"@id":"https:\/\/palplus.ca\/en\/giftcardterms\/#primaryimage"},"image":{"@id":"https:\/\/palplus.ca\/en\/giftcardterms\/#primaryimage"},"thumbnailUrl":"https:\/\/palplus.ca\/wp-content\/uploads\/2022\/10\/pal-bandeau-tout-1.png","datePublished":"2023-08-14T13:34:25+00:00","dateModified":"2025-05-13T13:24:58+00:00","description":"Mother's Day is coming soon! Take advantage of our offer and get an additional amount when you purchase a PAL+ gift card.","breadcrumb":{"@id":"https:\/\/palplus.ca\/en\/giftcardterms\/#breadcrumb"},"inLanguage":"en-US","potentialAction":[{"@type":"ReadAction","target":["https:\/\/palplus.ca\/en\/giftcardterms\/"]}]},{"@type":"ImageObject","inLanguage":"en-US","@id":"https:\/\/palplus.ca\/en\/giftcardterms\/#primaryimage","url":"https:\/\/palplus.ca\/wp-content\/uploads\/2022\/10\/pal-bandeau-tout-1.png","contentUrl":"https:\/\/palplus.ca\/wp-content\/uploads\/2022\/10\/pal-bandeau-tout-1.png","width":1920,"height":480},{"@type":"BreadcrumbList","@id":"https:\/\/palplus.ca\/en\/giftcardterms\/#breadcrumb","itemListElement":[{"@type":"ListItem","position":1,"name":"Accueil","item":"https:\/\/palplus.ca\/en\/"},{"@type":"ListItem","position":2,"name":"Gift Cards Terms &#038; Conditions"}]},{"@type":"WebSite","@id":"https:\/\/palplus.ca\/en\/#website","url":"https:\/\/palplus.ca\/en\/","name":"PAL+ Exp\u00e9riences Touristiques","description":"Cr\u00e9ateur d&#039;exp\u00e9riences","publisher":{"@id":"https:\/\/palplus.ca\/en\/#organization"},"potentialAction":[{"@type":"SearchAction","target":{"@type":"EntryPoint","urlTemplate":"https:\/\/palplus.ca\/en\/?s={search_term_string}"},"query-input":{"@type":"PropertyValueSpecification","valueRequired":true,"valueName":"search_term_string"}}],"inLanguage":"en-US"},{"@type":"Organization","@id":"https:\/\/palplus.ca\/en\/#organization","name":"PAL+ Exp\u00e9riences Touristiques","url":"https:\/\/palplus.ca\/en\/","logo":{"@type":"ImageObject","inLanguage":"en-US","@id":"https:\/\/palplus.ca\/en\/#\/schema\/logo\/image\/","url":"https:\/\/palplus.ca\/wp-content\/uploads\/2022\/08\/pal.jpg","contentUrl":"https:\/\/palplus.ca\/wp-content\/uploads\/2022\/08\/pal.jpg","width":160,"height":160,"caption":"PAL+ Exp\u00e9riences Touristiques"},"image":{"@id":"https:\/\/palplus.ca\/en\/#\/schema\/logo\/image\/"},"sameAs":["https:\/\/www.linkedin.com\/company\/palplus\/?originalSubdomain=ca","https:\/\/www.youtube.com\/channel\/UCZW6NKHiyis-UXnQz0bKX1A"]}]}},"_links":{"self":[{"href":"https:\/\/palplus.ca\/en\/wp-json\/wp\/v2\/pages\/1948","targetHints":{"allow":["GET"]}}],"collection":[{"href":"https:\/\/palplus.ca\/en\/wp-json\/wp\/v2\/pages"}],"about":[{"href":"https:\/\/palplus.ca\/en\/wp-json\/wp\/v2\/types\/page"}],"author":[{"embeddable":true,"href":"https:\/\/palplus.ca\/en\/wp-json\/wp\/v2\/users\/7"}],"replies":[{"embeddable":true,"href":"https:\/\/palplus.ca\/en\/wp-json\/wp\/v2\/comments?post=1948"}],"version-history":[{"count":0,"href":"https:\/\/palplus.ca\/en\/wp-json\/wp\/v2\/pages\/1948\/revisions"}],"wp:featuredmedia":[{"embeddable":true,"href":"https:\/\/palplus.ca\/en\/wp-json\/wp\/v2\/media\/1664"}],"wp:attachment":[{"href":"https:\/\/palplus.ca\/en\/wp-json\/wp\/v2\/media?parent=1948"}],"curies":[{"name":"wp","href":"https:\/\/api.w.org\/{rel}","templated":true}]}}