{"id":2435,"date":"2024-04-02T15:36:16","date_gmt":"2024-04-02T19:36:16","guid":{"rendered":"https:\/\/palplus.ca\/politique-de-confidentialite-application-mobile\/"},"modified":"2026-03-26T11:21:10","modified_gmt":"2026-03-26T15:21:10","slug":"mobile-application","status":"publish","type":"page","link":"https:\/\/palplus.ca\/en\/mobile-application\/","title":{"rendered":"Mobile Application"},"content":{"rendered":"\n<div class=\"wp-block-group block-page-header compact relative is-layout-flow wp-block-group-is-layout-flow\"><figure class=\"wp-block-post-featured-image\"><img loading=\"lazy\" decoding=\"async\" width=\"2432\" height=\"650\" src=\"https:\/\/palplus.ca\/wp-content\/uploads\/2024\/07\/pal-enteteweb-appmobile3.jpg\" class=\"attachment-post-thumbnail size-post-thumbnail wp-post-image\" alt=\"\" style=\"object-fit:cover;\" srcset=\"https:\/\/palplus.ca\/wp-content\/uploads\/2024\/07\/pal-enteteweb-appmobile3.jpg 2432w, https:\/\/palplus.ca\/wp-content\/uploads\/2024\/07\/pal-enteteweb-appmobile3-300x80.jpg 300w, https:\/\/palplus.ca\/wp-content\/uploads\/2024\/07\/pal-enteteweb-appmobile3-1024x274.jpg 1024w, https:\/\/palplus.ca\/wp-content\/uploads\/2024\/07\/pal-enteteweb-appmobile3-768x205.jpg 768w, https:\/\/palplus.ca\/wp-content\/uploads\/2024\/07\/pal-enteteweb-appmobile3-1536x411.jpg 1536w, https:\/\/palplus.ca\/wp-content\/uploads\/2024\/07\/pal-enteteweb-appmobile3-2048x547.jpg 2048w\" sizes=\"auto, (max-width: 2432px) 100vw, 2432px\" \/><\/figure>\n\n\n<div class=\"wp-block-group is-layout-flow wp-block-group-is-layout-flow\">\n<h1 class=\"wp-block-heading\">Mobile Application<\/h1>\n<\/div>\n<\/div>\n\n\n\n<div class=\"wp-block-group block-text pad-vertical-2xl pad-horizontal-4xl has-cke-white-background-color has-background is-layout-flow wp-block-group-is-layout-flow\">\n<p><strong>Download the app<\/strong><\/p>\n\n\n\n<div class=\"wp-block-columns are-vertically-aligned-bottom auto-cols wrap pad-horizontal-none justify-start is-layout-flex wp-container-core-columns-is-layout-9d6595d7 wp-block-columns-is-layout-flex\">\n<div class=\"wp-block-column is-vertically-aligned-bottom is-layout-flow wp-block-column-is-layout-flow\">\n<figure class=\"wp-block-image size-full is-resized\"><a href=\"https:\/\/play.google.com\/store\/apps\/details?id=com.palplus.memphremagog\" target=\"_blank\" rel=\"noreferrer noopener\"><img loading=\"lazy\" decoding=\"async\" width=\"370\" height=\"107\" src=\"https:\/\/palplus.ca\/wp-content\/uploads\/2024\/07\/get-on-google-play-1.png\" alt=\"\" class=\"wp-image-2535\" style=\"width:264px;height:auto\" srcset=\"https:\/\/palplus.ca\/wp-content\/uploads\/2024\/07\/get-on-google-play-1.png 370w, https:\/\/palplus.ca\/wp-content\/uploads\/2024\/07\/get-on-google-play-1-300x87.png 300w\" sizes=\"auto, (max-width: 370px) 100vw, 370px\" \/><\/a><\/figure>\n<\/div>\n\n\n\n<div class=\"wp-block-column is-vertically-aligned-bottom is-layout-flow wp-block-column-is-layout-flow\">\n<figure class=\"wp-block-image size-full is-resized\"><a href=\"https:\/\/apps.apple.com\/us\/app\/id6480473513\" target=\"_blank\" rel=\"noreferrer noopener\"><img loading=\"lazy\" decoding=\"async\" width=\"861\" height=\"254\" src=\"https:\/\/palplus.ca\/wp-content\/uploads\/2024\/07\/download-app-store.png\" alt=\"\" class=\"wp-image-2537\" style=\"width:270px;height:auto\" srcset=\"https:\/\/palplus.ca\/wp-content\/uploads\/2024\/07\/download-app-store.png 861w, https:\/\/palplus.ca\/wp-content\/uploads\/2024\/07\/download-app-store-300x89.png 300w, https:\/\/palplus.ca\/wp-content\/uploads\/2024\/07\/download-app-store-768x227.png 768w\" sizes=\"auto, (max-width: 861px) 100vw, 861px\" \/><\/a><\/figure>\n<\/div>\n<\/div>\n\n\n\n<div style=\"height:45px\" aria-hidden=\"true\" class=\"wp-block-spacer\"><\/div>\n\n\n\n<h3 class=\"wp-block-heading\"><strong>1 app, 9 experiences<\/strong><\/h3>\n\n\n\n<p>Discover our brand-new mobile app and enhance your visit in the 9 PAL+ establishments: <a href=\"https:\/\/espace4saisons.com\/en\/\" target=\"_blank\" rel=\"noreferrer noopener\">Espace 4 Saisons<\/a> | <a href=\"https:\/\/hotelverso.ca\/en\/\" target=\"_blank\" rel=\"noreferrer noopener\">Vers\u014d hotel<\/a> | <a href=\"https:\/\/bistro4saisons.com\/en\/\" target=\"_blank\" rel=\"noreferrer noopener\">Bistro 4 Saisons<\/a> | <a href=\"https:\/\/burger-pub.com\/en\/\" target=\"_blank\" rel=\"noreferrer noopener\">Burger Pub<\/a> | <a href=\"https:\/\/bistrokoz.ca\/en\/\" target=\"_blank\" rel=\"noreferrer noopener\">K\u00f3z bistro<\/a> | <a href=\"https:\/\/omgresto.com\/en\/\" target=\"_blank\" rel=\"noreferrer noopener\">OMG Resto<\/a> | <a href=\"https:\/\/hotelverso.ca\/en\/lecornet\/\" target=\"_blank\" rel=\"noreferrer noopener\">LeCornet<\/a> | <a href=\"https:\/\/rata-touille.com\/en\/\" target=\"_blank\" rel=\"noreferrer noopener\">Ratatouille<\/a> | and <a href=\"https:\/\/escapadesmemphremagog.com\/en\/\" target=\"_blank\" rel=\"noreferrer noopener\">Escapades Memphr\u00e9magog\u2019s cruise boat<\/a>. It is the very first interactive touristic application in the Eastern Townships!<\/p>\n\n\n\n<div style=\"height:45px\" aria-hidden=\"true\" class=\"wp-block-spacer\"><\/div>\n\n\n\n<p><strong>App features<\/strong><\/p>\n\n\n\n<ul class=\"wp-block-list\">\n<li>Find your way with our interactive maps;<\/li>\n\n\n\n<li>Book or order in our restaurants;<\/li>\n\n\n\n<li>Find all the information you need for your stay;<\/li>\n\n\n\n<li>Discover many nearby attractions;<\/li>\n\n\n\n<li>&#8230; And much more!<\/li>\n<\/ul>\n\n\n\n<div style=\"height:64px\" aria-hidden=\"true\" class=\"wp-block-spacer\"><\/div>\n\n\n\n<figure class=\"wp-block-embed is-type-video is-provider-youtube wp-block-embed-youtube wp-embed-aspect-16-9 wp-has-aspect-ratio\"><div class=\"wp-block-embed__wrapper\">\n<iframe loading=\"lazy\"  id=\"_ytid_87671\"  width=\"800\" height=\"450\"  data-origwidth=\"800\" data-origheight=\"450\" src=\"https:\/\/www.youtube.com\/embed\/a9H_2qBCXXo?enablejsapi=1&#038;autoplay=0&#038;cc_load_policy=0&#038;cc_lang_pref=&#038;iv_load_policy=1&#038;loop=0&#038;rel=1&#038;fs=1&#038;playsinline=0&#038;autohide=2&#038;theme=dark&#038;color=red&#038;controls=1&#038;disablekb=0&#038;\" class=\"__youtube_prefs__  epyt-is-override  no-lazyload\" title=\"YouTube player\"  allow=\"fullscreen; accelerometer; autoplay; clipboard-write; encrypted-media; gyroscope; picture-in-picture; web-share\" referrerpolicy=\"strict-origin-when-cross-origin\" allowfullscreen data-no-lazy=\"1\" data-skipgform_ajax_framebjll=\"\"><\/iframe>\n<\/div><\/figure>\n\n\n\n<div style=\"height:64px\" aria-hidden=\"true\" class=\"wp-block-spacer\"><\/div>\n\n\n\n<figure class=\"wp-block-image aligncenter size-full\"><img loading=\"lazy\" decoding=\"async\" width=\"1000\" height=\"500\" src=\"https:\/\/palplus.ca\/wp-content\/uploads\/2024\/07\/en-2.png\" alt=\"\" class=\"wp-image-2580\" srcset=\"https:\/\/palplus.ca\/wp-content\/uploads\/2024\/07\/en-2.png 1000w, https:\/\/palplus.ca\/wp-content\/uploads\/2024\/07\/en-2-300x150.png 300w, https:\/\/palplus.ca\/wp-content\/uploads\/2024\/07\/en-2-768x384.png 768w\" sizes=\"auto, (max-width: 1000px) 100vw, 1000px\" \/><\/figure>\n\n\n\n<div style=\"height:93px\" aria-hidden=\"true\" class=\"wp-block-spacer\"><\/div>\n\n\n\n<h5 class=\"wp-block-heading\">Privacy Policy<\/h5>\n\n\n\n<p>The PAL+ application requires access to your device&#8217;s location data to provide outdoor navigation services and targeted mobile engagement campaigns. Our app utilizes its map for outdoor GPS wayfinding and indoor static wayfinding. When users are off-site and select a point of interest, they will receive driving directions. Depending on the mobile platform (Apple or Google), maps will be used for driving directions to the facility. Upon crossing a geofence around the facility, users will transition from outdoor GPS navigation to indoor wayfinding. Additionally, our app records analytic events to enhance your experience. We want to assure you that the data collected by the application isn\u2019t shared with third parties, used for advertising purposes, or linked to the user&#8217;s identity. User privacy is paramount to PAL+, and we adhere to strict data protection measures to ensure confidentiality and security.<\/p>\n\n\n\n<div style=\"height:40px\" aria-hidden=\"true\" class=\"wp-block-spacer\"><\/div>\n\n\n\n<h4 class=\"wp-block-heading\">Contacting Us&nbsp;<\/h4>\n\n\n\n<p>If you have any questions, please do not hesitate to contact the person in charge:<\/p>\n\n\n\n<p><strong>Marco Par\u00e9<br><\/strong>Director of Finance and I.T.<br><a href=\"mailto:marco@palplus.ca\" target=\"_blank\" rel=\"noreferrer noopener\">marco@palplus.ca<\/a><br>819 238-5857<\/p>\n\n\n\n<div style=\"height:40px\" aria-hidden=\"true\" class=\"wp-block-spacer\"><\/div>\n\n\n\n<p>Update 2024<\/p>\n<\/div>\n","protected":false},"excerpt":{"rendered":"<p>Mobile Application Download the app 1 app, 9 experiences Discover our brand-new mobile app and enhance your visit in the 9 PAL+ establishments: Espace 4 Saisons | Vers\u014d hotel | Bistro 4 Saisons | Burger Pub | K\u00f3z bistro | OMG Resto | LeCornet | Ratatouille | and Escapades Memphr\u00e9magog\u2019s cruise boat. It is the [&hellip;]<\/p>\n","protected":false},"author":7,"featured_media":2498,"parent":0,"menu_order":0,"comment_status":"closed","ping_status":"closed","template":"","meta":{"_acf_changed":false,"inline_featured_image":false,"footnotes":""},"class_list":["post-2435","page","type-page","status-publish","has-post-thumbnail","hentry"],"acf":[],"yoast_head":"<!-- This site is optimized with the Yoast SEO plugin v27.5 - https:\/\/yoast.com\/product\/yoast-seo-wordpress\/ -->\n<title>Mobile Application &#8212; PAL+<\/title>\n<meta name=\"description\" content=\"Discover our brand-new mobile app and enhance your visit in the 9 PAL+ establishments and enjoy exclusives offers!\" \/>\n<meta name=\"robots\" content=\"index, follow, max-snippet:-1, max-image-preview:large, max-video-preview:-1\" \/>\n<link rel=\"canonical\" href=\"https:\/\/palplus.ca\/en\/mobile-application\/\" \/>\n<meta property=\"og:locale\" content=\"en_US\" \/>\n<meta property=\"og:type\" content=\"article\" \/>\n<meta property=\"og:title\" content=\"Mobile Application &#8212; PAL+\" \/>\n<meta property=\"og:description\" content=\"Discover our brand-new mobile app and enhance your visit in the 9 PAL+ establishments and enjoy exclusives offers!\" \/>\n<meta property=\"og:url\" content=\"https:\/\/palplus.ca\/en\/mobile-application\/\" \/>\n<meta property=\"og:site_name\" content=\"PAL+\" \/>\n<meta property=\"article:modified_time\" content=\"2026-03-26T15:21:10+00:00\" \/>\n<meta property=\"og:image\" content=\"https:\/\/palplus.ca\/wp-content\/uploads\/2024\/07\/pal-enteteweb-appmobile3.jpg\" \/>\n\t<meta property=\"og:image:width\" content=\"2432\" \/>\n\t<meta property=\"og:image:height\" content=\"650\" \/>\n\t<meta property=\"og:image:type\" content=\"image\/jpeg\" \/>\n<meta name=\"twitter:card\" content=\"summary_large_image\" \/>\n<meta name=\"twitter:label1\" content=\"Est. reading time\" \/>\n\t<meta name=\"twitter:data1\" content=\"3 minutes\" \/>\n<script type=\"application\/ld+json\" class=\"yoast-schema-graph\">{\"@context\":\"https:\\\/\\\/schema.org\",\"@graph\":[{\"@type\":\"WebPage\",\"@id\":\"https:\\\/\\\/palplus.ca\\\/en\\\/mobile-application\\\/\",\"url\":\"https:\\\/\\\/palplus.ca\\\/en\\\/mobile-application\\\/\",\"name\":\"Mobile Application &#8212; PAL+\",\"isPartOf\":{\"@id\":\"https:\\\/\\\/palplus.ca\\\/en\\\/#website\"},\"primaryImageOfPage\":{\"@id\":\"https:\\\/\\\/palplus.ca\\\/en\\\/mobile-application\\\/#primaryimage\"},\"image\":{\"@id\":\"https:\\\/\\\/palplus.ca\\\/en\\\/mobile-application\\\/#primaryimage\"},\"thumbnailUrl\":\"https:\\\/\\\/palplus.ca\\\/wp-content\\\/uploads\\\/2024\\\/07\\\/pal-enteteweb-appmobile3.jpg\",\"datePublished\":\"2024-04-02T19:36:16+00:00\",\"dateModified\":\"2026-03-26T15:21:10+00:00\",\"description\":\"Discover our brand-new mobile app and enhance your visit in the 9 PAL+ establishments and enjoy exclusives offers!\",\"breadcrumb\":{\"@id\":\"https:\\\/\\\/palplus.ca\\\/en\\\/mobile-application\\\/#breadcrumb\"},\"inLanguage\":\"en-US\",\"potentialAction\":[{\"@type\":\"ReadAction\",\"target\":[\"https:\\\/\\\/palplus.ca\\\/en\\\/mobile-application\\\/\"]}]},{\"@type\":\"ImageObject\",\"inLanguage\":\"en-US\",\"@id\":\"https:\\\/\\\/palplus.ca\\\/en\\\/mobile-application\\\/#primaryimage\",\"url\":\"https:\\\/\\\/palplus.ca\\\/wp-content\\\/uploads\\\/2024\\\/07\\\/pal-enteteweb-appmobile3.jpg\",\"contentUrl\":\"https:\\\/\\\/palplus.ca\\\/wp-content\\\/uploads\\\/2024\\\/07\\\/pal-enteteweb-appmobile3.jpg\",\"width\":2432,\"height\":650},{\"@type\":\"BreadcrumbList\",\"@id\":\"https:\\\/\\\/palplus.ca\\\/en\\\/mobile-application\\\/#breadcrumb\",\"itemListElement\":[{\"@type\":\"ListItem\",\"position\":1,\"name\":\"Accueil\",\"item\":\"https:\\\/\\\/palplus.ca\\\/en\\\/\"},{\"@type\":\"ListItem\",\"position\":2,\"name\":\"Mobile Application\"}]},{\"@type\":\"WebSite\",\"@id\":\"https:\\\/\\\/palplus.ca\\\/en\\\/#website\",\"url\":\"https:\\\/\\\/palplus.ca\\\/en\\\/\",\"name\":\"PAL+ Exp\u00e9riences Touristiques\",\"description\":\"Cr\u00e9ateur d&#039;exp\u00e9riences\",\"publisher\":{\"@id\":\"https:\\\/\\\/palplus.ca\\\/en\\\/#organization\"},\"potentialAction\":[{\"@type\":\"SearchAction\",\"target\":{\"@type\":\"EntryPoint\",\"urlTemplate\":\"https:\\\/\\\/palplus.ca\\\/en\\\/?s={search_term_string}\"},\"query-input\":{\"@type\":\"PropertyValueSpecification\",\"valueRequired\":true,\"valueName\":\"search_term_string\"}}],\"inLanguage\":\"en-US\"},{\"@type\":\"Organization\",\"@id\":\"https:\\\/\\\/palplus.ca\\\/en\\\/#organization\",\"name\":\"PAL+ Exp\u00e9riences Touristiques\",\"url\":\"https:\\\/\\\/palplus.ca\\\/en\\\/\",\"logo\":{\"@type\":\"ImageObject\",\"inLanguage\":\"en-US\",\"@id\":\"https:\\\/\\\/palplus.ca\\\/en\\\/#\\\/schema\\\/logo\\\/image\\\/\",\"url\":\"https:\\\/\\\/palplus.ca\\\/wp-content\\\/uploads\\\/2022\\\/08\\\/pal.jpg\",\"contentUrl\":\"https:\\\/\\\/palplus.ca\\\/wp-content\\\/uploads\\\/2022\\\/08\\\/pal.jpg\",\"width\":160,\"height\":160,\"caption\":\"PAL+ Exp\u00e9riences Touristiques\"},\"image\":{\"@id\":\"https:\\\/\\\/palplus.ca\\\/en\\\/#\\\/schema\\\/logo\\\/image\\\/\"},\"sameAs\":[\"https:\\\/\\\/www.linkedin.com\\\/company\\\/palplus\\\/?originalSubdomain=ca\",\"https:\\\/\\\/www.youtube.com\\\/channel\\\/UCZW6NKHiyis-UXnQz0bKX1A\"]}]}<\/script>\n<!-- \/ Yoast SEO plugin. -->","yoast_head_json":{"title":"Mobile Application &#8212; PAL+","description":"Discover our brand-new mobile app and enhance your visit in the 9 PAL+ establishments and enjoy exclusives offers!","robots":{"index":"index","follow":"follow","max-snippet":"max-snippet:-1","max-image-preview":"max-image-preview:large","max-video-preview":"max-video-preview:-1"},"canonical":"https:\/\/palplus.ca\/en\/mobile-application\/","og_locale":"en_US","og_type":"article","og_title":"Mobile Application &#8212; PAL+","og_description":"Discover our brand-new mobile app and enhance your visit in the 9 PAL+ establishments and enjoy exclusives offers!","og_url":"https:\/\/palplus.ca\/en\/mobile-application\/","og_site_name":"PAL+","article_modified_time":"2026-03-26T15:21:10+00:00","og_image":[{"width":2432,"height":650,"url":"https:\/\/palplus.ca\/wp-content\/uploads\/2024\/07\/pal-enteteweb-appmobile3.jpg","type":"image\/jpeg"}],"twitter_card":"summary_large_image","twitter_misc":{"Est. reading time":"3 minutes"},"schema":{"@context":"https:\/\/schema.org","@graph":[{"@type":"WebPage","@id":"https:\/\/palplus.ca\/en\/mobile-application\/","url":"https:\/\/palplus.ca\/en\/mobile-application\/","name":"Mobile Application &#8212; PAL+","isPartOf":{"@id":"https:\/\/palplus.ca\/en\/#website"},"primaryImageOfPage":{"@id":"https:\/\/palplus.ca\/en\/mobile-application\/#primaryimage"},"image":{"@id":"https:\/\/palplus.ca\/en\/mobile-application\/#primaryimage"},"thumbnailUrl":"https:\/\/palplus.ca\/wp-content\/uploads\/2024\/07\/pal-enteteweb-appmobile3.jpg","datePublished":"2024-04-02T19:36:16+00:00","dateModified":"2026-03-26T15:21:10+00:00","description":"Discover our brand-new mobile app and enhance your visit in the 9 PAL+ establishments and enjoy exclusives offers!","breadcrumb":{"@id":"https:\/\/palplus.ca\/en\/mobile-application\/#breadcrumb"},"inLanguage":"en-US","potentialAction":[{"@type":"ReadAction","target":["https:\/\/palplus.ca\/en\/mobile-application\/"]}]},{"@type":"ImageObject","inLanguage":"en-US","@id":"https:\/\/palplus.ca\/en\/mobile-application\/#primaryimage","url":"https:\/\/palplus.ca\/wp-content\/uploads\/2024\/07\/pal-enteteweb-appmobile3.jpg","contentUrl":"https:\/\/palplus.ca\/wp-content\/uploads\/2024\/07\/pal-enteteweb-appmobile3.jpg","width":2432,"height":650},{"@type":"BreadcrumbList","@id":"https:\/\/palplus.ca\/en\/mobile-application\/#breadcrumb","itemListElement":[{"@type":"ListItem","position":1,"name":"Accueil","item":"https:\/\/palplus.ca\/en\/"},{"@type":"ListItem","position":2,"name":"Mobile Application"}]},{"@type":"WebSite","@id":"https:\/\/palplus.ca\/en\/#website","url":"https:\/\/palplus.ca\/en\/","name":"PAL+ Exp\u00e9riences Touristiques","description":"Cr\u00e9ateur d&#039;exp\u00e9riences","publisher":{"@id":"https:\/\/palplus.ca\/en\/#organization"},"potentialAction":[{"@type":"SearchAction","target":{"@type":"EntryPoint","urlTemplate":"https:\/\/palplus.ca\/en\/?s={search_term_string}"},"query-input":{"@type":"PropertyValueSpecification","valueRequired":true,"valueName":"search_term_string"}}],"inLanguage":"en-US"},{"@type":"Organization","@id":"https:\/\/palplus.ca\/en\/#organization","name":"PAL+ Exp\u00e9riences Touristiques","url":"https:\/\/palplus.ca\/en\/","logo":{"@type":"ImageObject","inLanguage":"en-US","@id":"https:\/\/palplus.ca\/en\/#\/schema\/logo\/image\/","url":"https:\/\/palplus.ca\/wp-content\/uploads\/2022\/08\/pal.jpg","contentUrl":"https:\/\/palplus.ca\/wp-content\/uploads\/2022\/08\/pal.jpg","width":160,"height":160,"caption":"PAL+ Exp\u00e9riences Touristiques"},"image":{"@id":"https:\/\/palplus.ca\/en\/#\/schema\/logo\/image\/"},"sameAs":["https:\/\/www.linkedin.com\/company\/palplus\/?originalSubdomain=ca","https:\/\/www.youtube.com\/channel\/UCZW6NKHiyis-UXnQz0bKX1A"]}]}},"_links":{"self":[{"href":"https:\/\/palplus.ca\/en\/wp-json\/wp\/v2\/pages\/2435","targetHints":{"allow":["GET"]}}],"collection":[{"href":"https:\/\/palplus.ca\/en\/wp-json\/wp\/v2\/pages"}],"about":[{"href":"https:\/\/palplus.ca\/en\/wp-json\/wp\/v2\/types\/page"}],"author":[{"embeddable":true,"href":"https:\/\/palplus.ca\/en\/wp-json\/wp\/v2\/users\/7"}],"replies":[{"embeddable":true,"href":"https:\/\/palplus.ca\/en\/wp-json\/wp\/v2\/comments?post=2435"}],"version-history":[{"count":0,"href":"https:\/\/palplus.ca\/en\/wp-json\/wp\/v2\/pages\/2435\/revisions"}],"wp:featuredmedia":[{"embeddable":true,"href":"https:\/\/palplus.ca\/en\/wp-json\/wp\/v2\/media\/2498"}],"wp:attachment":[{"href":"https:\/\/palplus.ca\/en\/wp-json\/wp\/v2\/media?parent=2435"}],"curies":[{"name":"wp","href":"https:\/\/api.w.org\/{rel}","templated":true}]}}