{"id":831,"date":"2022-06-30T14:26:50","date_gmt":"2022-06-30T18:26:50","guid":{"rendered":"https:\/\/palplus.ca\/a-propos\/engagement-en-developpement-durable\/"},"modified":"2022-09-23T10:47:16","modified_gmt":"2022-09-23T14:47:16","slug":"sustainable-development","status":"publish","type":"page","link":"https:\/\/palplus.ca\/en\/about\/sustainable-development\/","title":{"rendered":"Sustainable Development"},"content":{"rendered":"\n<div class=\"wp-block-group block-page-header compact relative is-layout-flow wp-block-group-is-layout-flow\"><figure class=\"wp-block-post-featured-image\"><img loading=\"lazy\" decoding=\"async\" width=\"1024\" height=\"770\" src=\"https:\/\/palplus.ca\/wp-content\/uploads\/2022\/07\/escapades-memphremagog-developpement-durable-2.jpg\" class=\"attachment-post-thumbnail size-post-thumbnail wp-post-image\" alt=\"\" style=\"object-fit:cover;\" srcset=\"https:\/\/palplus.ca\/wp-content\/uploads\/2022\/07\/escapades-memphremagog-developpement-durable-2.jpg 1024w, https:\/\/palplus.ca\/wp-content\/uploads\/2022\/07\/escapades-memphremagog-developpement-durable-2-300x226.jpg 300w, https:\/\/palplus.ca\/wp-content\/uploads\/2022\/07\/escapades-memphremagog-developpement-durable-2-768x578.jpg 768w\" sizes=\"auto, (max-width: 1024px) 100vw, 1024px\" \/><\/figure>\n\n\n<div class=\"wp-block-group is-layout-flow wp-block-group-is-layout-flow\">\n<h1 class=\"wp-block-heading\">Sustainable Development<\/h1>\n<\/div>\n<\/div>\n\n\n\n<div class=\"wp-block-group block-text pad-vertical-2xl pad-horizontal-4xl has-cke-primary-background-color has-background is-layout-flow wp-block-group-is-layout-flow\">\n<div class=\"wp-block-columns is-layout-flex wp-container-core-columns-is-layout-9d6595d7 wp-block-columns-is-layout-flex\">\n<div class=\"wp-block-column is-layout-flow wp-block-column-is-layout-flow\">\n<h3 class=\"has-cke-light-gray-color has-text-color wp-block-heading\" style=\"font-style:normal;font-weight:400\"><strong>PAL+ Touristic Experiences believes strongly in sustainable development.<\/strong><\/h3>\n\n\n\n<h5 class=\"has-cke-light-gray-color has-text-color wp-block-heading\">That is why, for over a year, in partnership with addere (a consultancy), the company has committed itself to eco-friendly business practises to strengthen its support of social issues and the environment. Sustainable tourism is the tourism of the future, and PAL+ aims to be a leader in the field by setting an example to others.<\/h5>\n\n\n\n<p class=\"has-cke-light-gray-color has-text-color\">95% of our employees and 96% of our clients think that leisure\/tourist organizations should implement strategies focused on sustainable development.<\/p>\n<\/div>\n<\/div>\n<\/div>\n\n\n\n<div class=\"wp-block-group block-text-media is-layout-flow wp-block-group-is-layout-flow\">\n<div class=\"wp-block-group is-layout-flow wp-block-group-is-layout-flow\">\n<figure class=\"wp-block-image size-full\"><img loading=\"lazy\" decoding=\"async\" width=\"1024\" height=\"770\" src=\"https:\/\/palplus.ca\/wp-content\/uploads\/2022\/07\/e4s-developpement-durable.jpg\" alt=\"\" class=\"wp-image-472\" srcset=\"https:\/\/palplus.ca\/wp-content\/uploads\/2022\/07\/e4s-developpement-durable.jpg 1024w, https:\/\/palplus.ca\/wp-content\/uploads\/2022\/07\/e4s-developpement-durable-300x226.jpg 300w, https:\/\/palplus.ca\/wp-content\/uploads\/2022\/07\/e4s-developpement-durable-768x578.jpg 768w\" sizes=\"auto, (max-width: 1024px) 100vw, 1024px\" \/><\/figure>\n\n\n\n<div class=\"wp-block-group content is-layout-flow wp-block-group-is-layout-flow\">\n<h3 class=\"wp-block-heading\">Actions Already Taken<\/h3>\n\n\n\n<ul class=\"wp-block-list\"><li>Support in implementing a sustainable development strategy in 2020-2021;<\/li><li>Studies and analysis of sustainable development practises to identify areas that might need improving;<\/li><li>Adoption of a 2021-2024 Sustainable Development Action Plan;<\/li><li>Identification of 4 priorities\u2014waste management, responsible procurement, greenhouse gas (GHG) management, involvement in and donations to local causes;<\/li><li>Creation of a tool to monitor progress regarding social and environmental issues;<\/li><li>Drafting a policy for each of the following: sustainable development, waste management and responsible procurement; Recruitment of an outside source with expertise in sustainable development, to implement our own sustainable development plan (starting May 2022).<\/li><\/ul>\n<\/div>\n<\/div>\n<\/div>\n\n\n\n<div class=\"wp-block-columns block-cta pad-vertical-xl relative has-cke-primary-background-color has-background is-layout-flex wp-container-core-columns-is-layout-9d6595d7 wp-block-columns-is-layout-flex\">\n<div class=\"wp-block-column is-layout-flow wp-block-column-is-layout-flow\">\n<div class=\"wp-block-group is-layout-flow wp-block-group-is-layout-flow\">\n<figure class=\"wp-block-image size-large\"><img loading=\"lazy\" decoding=\"async\" width=\"683\" height=\"1024\" src=\"https:\/\/palplus.ca\/wp-content\/uploads\/2022\/07\/developpement-durable-planif-683x1024.jpg\" alt=\"\" class=\"wp-image-525\" srcset=\"https:\/\/palplus.ca\/wp-content\/uploads\/2022\/07\/developpement-durable-planif-683x1024.jpg 683w, https:\/\/palplus.ca\/wp-content\/uploads\/2022\/07\/developpement-durable-planif-200x300.jpg 200w, https:\/\/palplus.ca\/wp-content\/uploads\/2022\/07\/developpement-durable-planif-768x1152.jpg 768w, https:\/\/palplus.ca\/wp-content\/uploads\/2022\/07\/developpement-durable-planif-1024x1536.jpg 1024w, https:\/\/palplus.ca\/wp-content\/uploads\/2022\/07\/developpement-durable-planif-1365x2048.jpg 1365w, https:\/\/palplus.ca\/wp-content\/uploads\/2022\/07\/developpement-durable-planif-scaled.jpg 1707w\" sizes=\"auto, (max-width: 683px) 100vw, 683px\" \/><\/figure>\n<\/div>\n<\/div>\n\n\n\n<div class=\"wp-block-column content is-layout-flow wp-block-column-is-layout-flow\">\n<h2 class=\"has-cke-light-gray-color has-text-color wp-block-heading\">Future Plans Of Action<\/h2>\n\n\n\n<h4 class=\"has-cke-light-gray-color has-text-color wp-block-heading\">Waste Management<\/h4>\n\n\n\n<ul class=\"has-cke-white-color has-text-color wp-block-list\"><li>Upgrade the waste sorting equipment at our establishments;<\/li><li>Establish a protocol for collecting organic materials;<\/li><li>Gradually eliminate single-use products;<\/li><li>Raise awareness among our staff and clients for the need to step up recycling procedures;<\/li><li>Digitize administrative operations to cut down on the use of paper.<\/li><\/ul>\n\n\n\n<h4 class=\"has-cke-light-gray-color has-text-color wp-block-heading\">Responsible Procurement<\/h4>\n\n\n\n<ul class=\"has-cke-light-gray-color has-text-color wp-block-list\"><li>Analyze procurement practises at each of our establishments;<\/li><li>Source more local and regional food products;<\/li><li>Prioritize the sourcing of furnishings (and other materials) manufactured in Quebec;<\/li><li>Use only certified, eco-friendly cleaning products.<\/li><\/ul>\n\n\n\n<h4 class=\"has-cke-light-gray-color has-text-color wp-block-heading\">Energy and Greenhouse Gas Management<\/h4>\n\n\n\n<ul class=\"has-cke-light-gray-color has-text-color wp-block-list\"><li>Monitor the annual GHS emissions of each company;&nbsp;<\/li><li>Offset GHG emissions with an accredited organization;<\/li><li>Install charging stations for electric vehicles.<\/li><\/ul>\n\n\n\n<h4 class=\"has-cke-light-gray-color has-text-color wp-block-heading\">Local Involvement And Donations<\/h4>\n\n\n\n<ul class=\"has-cke-light-gray-color has-text-color wp-block-list\"><li>Donate used furniture, equipment, and supplies to local organizations;<\/li><li>Support a social issue or an environmental cause;<\/li><li>Encourage staff members to become volunteers.<\/li><\/ul>\n<\/div>\n<\/div>\n\n\n\n<div class=\"wp-block-columns block-cta pad-vertical-xl relative is-layout-flex wp-container-core-columns-is-layout-9d6595d7 wp-block-columns-is-layout-flex\">\n<div class=\"wp-block-column is-layout-flow wp-block-column-is-layout-flow\">\n<div class=\"wp-block-group is-layout-flow wp-block-group-is-layout-flow\">\n<figure class=\"wp-block-image size-large no-shadow\"><img loading=\"lazy\" decoding=\"async\" width=\"1024\" height=\"1024\" src=\"https:\/\/palplus.ca\/wp-content\/uploads\/2022\/07\/logo-general-osedd-1024x1024.jpg\" alt=\"\" class=\"wp-image-527\" srcset=\"https:\/\/palplus.ca\/wp-content\/uploads\/2022\/07\/logo-general-osedd-1024x1024.jpg 1024w, https:\/\/palplus.ca\/wp-content\/uploads\/2022\/07\/logo-general-osedd-300x300.jpg 300w, https:\/\/palplus.ca\/wp-content\/uploads\/2022\/07\/logo-general-osedd-150x150.jpg 150w, https:\/\/palplus.ca\/wp-content\/uploads\/2022\/07\/logo-general-osedd-768x768.jpg 768w, https:\/\/palplus.ca\/wp-content\/uploads\/2022\/07\/logo-general-osedd.jpg 1440w\" sizes=\"auto, (max-width: 1024px) 100vw, 1024px\" \/><\/figure>\n<\/div>\n<\/div>\n\n\n\n<div class=\"wp-block-column content is-layout-flow wp-block-column-is-layout-flow\">\n<h3 class=\"wp-block-heading\">Our Sustainable Development Certification<\/h3>\n\n\n\n<p>In 2022, PAL+ qualified for the Level 1 \u2018Committed Organization\u2019 certification, a Quebec government program that recognizes companies, organizations and institutions that implement sustainable development strategies in their business. The certification also covers actions taken to continuously improve business practises with respect to social, environmental, and economic issues. &nbsp;<\/p>\n\n\n\n<div class=\"wp-block-buttons is-layout-flex wp-block-buttons-is-layout-flex\">\n<div class=\"wp-block-button btn btn-text-icon\"><a class=\"wp-block-button__link\" href=\"https:\/\/palplus.ca\/wp-content\/uploads\/2022\/08\/Politique-DD-PAL-15-aou\u0302t-2022.pdf\" target=\"_blank\" rel=\"noreferrer noopener\">Sustainable development policy<\/a><\/div>\n<\/div>\n<\/div>\n<\/div>\n\n\n\n<div class=\"wp-block-columns block-cta pad-vertical-xl relative has-cke-secondary-2-background-color has-background is-layout-flex wp-container-core-columns-is-layout-9d6595d7 wp-block-columns-is-layout-flex\">\n<div class=\"wp-block-column content is-layout-flow wp-block-column-is-layout-flow\">\n<h2 class=\"wp-block-heading\" style=\"font-style:normal;font-weight:500\">Working With Us<\/h2>\n\n\n\n<h3 class=\"wp-block-heading\">Become an Eastern Townships host\u2014<em>par excellence<\/em>!<\/h3>\n\n\n\n<p>PAL+ offers employees a mixture of pleasure and fun with a team of talented, dynamic colleagues.<\/p>\n\n\n\n<div class=\"wp-block-buttons is-layout-flex wp-block-buttons-is-layout-flex\">\n<div class=\"wp-block-button btn btn-light-gray\"><a class=\"wp-block-button__link\" href=\"https:\/\/palplus.ca\/en\/careers\/\">Join our big, happy family!<\/a><\/div>\n<\/div>\n<\/div>\n\n\n\n<div class=\"wp-block-column is-layout-flow wp-block-column-is-layout-flow\">\n<div class=\"wp-block-group is-layout-flow wp-block-group-is-layout-flow\">\n<figure class=\"wp-block-image size-large\"><img loading=\"lazy\" decoding=\"async\" width=\"1024\" height=\"1024\" src=\"https:\/\/palplus.ca\/wp-content\/uploads\/2022\/07\/verso-travailler-avec-nous-resize-1024x1024.jpg\" alt=\"\" class=\"wp-image-530\" srcset=\"https:\/\/palplus.ca\/wp-content\/uploads\/2022\/07\/verso-travailler-avec-nous-resize-1024x1024.jpg 1024w, https:\/\/palplus.ca\/wp-content\/uploads\/2022\/07\/verso-travailler-avec-nous-resize-300x300.jpg 300w, https:\/\/palplus.ca\/wp-content\/uploads\/2022\/07\/verso-travailler-avec-nous-resize-150x150.jpg 150w, https:\/\/palplus.ca\/wp-content\/uploads\/2022\/07\/verso-travailler-avec-nous-resize-768x768.jpg 768w, https:\/\/palplus.ca\/wp-content\/uploads\/2022\/07\/verso-travailler-avec-nous-resize.jpg 1325w\" sizes=\"auto, (max-width: 1024px) 100vw, 1024px\" \/><\/figure>\n<\/div>\n<\/div>\n<\/div>\n","protected":false},"excerpt":{"rendered":"<p>Sustainable Development PAL+ Touristic Experiences believes strongly in sustainable development. That is why, for over a year, in partnership with addere (a consultancy), the company has committed itself to eco-friendly business practises to strengthen its support of social issues and the environment. Sustainable tourism is the tourism of the future, and PAL+ aims to be [&hellip;]<\/p>\n","protected":false},"author":1,"featured_media":762,"parent":829,"menu_order":0,"comment_status":"closed","ping_status":"closed","template":"","meta":{"_acf_changed":false,"inline_featured_image":false,"footnotes":""},"class_list":["post-831","page","type-page","status-publish","has-post-thumbnail","hentry"],"acf":[],"yoast_head":"<!-- This site is optimized with the Yoast SEO plugin v27.5 - https:\/\/yoast.com\/product\/yoast-seo-wordpress\/ -->\n<title>Sustainable Development &#8212; PAL+<\/title>\n<meta name=\"robots\" content=\"index, follow, max-snippet:-1, max-image-preview:large, max-video-preview:-1\" \/>\n<link rel=\"canonical\" href=\"https:\/\/palplus.ca\/en\/about\/sustainable-development\/\" \/>\n<meta property=\"og:locale\" content=\"en_US\" \/>\n<meta property=\"og:type\" content=\"article\" \/>\n<meta property=\"og:title\" content=\"Sustainable Development &#8212; PAL+\" \/>\n<meta property=\"og:description\" content=\"Sustainable Development PAL+ Touristic Experiences believes strongly in sustainable development. That is why, for over a year, in partnership with addere (a consultancy), the company has committed itself to eco-friendly business practises to strengthen its support of social issues and the environment. Sustainable tourism is the tourism of the future, and PAL+ aims to be [&hellip;]\" \/>\n<meta property=\"og:url\" content=\"https:\/\/palplus.ca\/en\/about\/sustainable-development\/\" \/>\n<meta property=\"og:site_name\" content=\"PAL+\" \/>\n<meta property=\"article:modified_time\" content=\"2022-09-23T14:47:16+00:00\" \/>\n<meta property=\"og:image\" content=\"https:\/\/palplus.ca\/wp-content\/uploads\/2022\/07\/escapades-memphremagog-developpement-durable-2.jpg\" \/>\n\t<meta property=\"og:image:width\" content=\"1024\" \/>\n\t<meta property=\"og:image:height\" content=\"770\" \/>\n\t<meta property=\"og:image:type\" content=\"image\/jpeg\" \/>\n<meta name=\"twitter:card\" content=\"summary_large_image\" \/>\n<meta name=\"twitter:label1\" content=\"Est. reading time\" \/>\n\t<meta name=\"twitter:data1\" content=\"3 minutes\" \/>\n<script type=\"application\/ld+json\" class=\"yoast-schema-graph\">{\"@context\":\"https:\\\/\\\/schema.org\",\"@graph\":[{\"@type\":\"WebPage\",\"@id\":\"https:\\\/\\\/palplus.ca\\\/en\\\/about\\\/sustainable-development\\\/\",\"url\":\"https:\\\/\\\/palplus.ca\\\/en\\\/about\\\/sustainable-development\\\/\",\"name\":\"Sustainable Development &#8212; PAL+\",\"isPartOf\":{\"@id\":\"https:\\\/\\\/palplus.ca\\\/en\\\/#website\"},\"primaryImageOfPage\":{\"@id\":\"https:\\\/\\\/palplus.ca\\\/en\\\/about\\\/sustainable-development\\\/#primaryimage\"},\"image\":{\"@id\":\"https:\\\/\\\/palplus.ca\\\/en\\\/about\\\/sustainable-development\\\/#primaryimage\"},\"thumbnailUrl\":\"https:\\\/\\\/palplus.ca\\\/wp-content\\\/uploads\\\/2022\\\/07\\\/escapades-memphremagog-developpement-durable-2.jpg\",\"datePublished\":\"2022-06-30T18:26:50+00:00\",\"dateModified\":\"2022-09-23T14:47:16+00:00\",\"breadcrumb\":{\"@id\":\"https:\\\/\\\/palplus.ca\\\/en\\\/about\\\/sustainable-development\\\/#breadcrumb\"},\"inLanguage\":\"en-US\",\"potentialAction\":[{\"@type\":\"ReadAction\",\"target\":[\"https:\\\/\\\/palplus.ca\\\/en\\\/about\\\/sustainable-development\\\/\"]}]},{\"@type\":\"ImageObject\",\"inLanguage\":\"en-US\",\"@id\":\"https:\\\/\\\/palplus.ca\\\/en\\\/about\\\/sustainable-development\\\/#primaryimage\",\"url\":\"https:\\\/\\\/palplus.ca\\\/wp-content\\\/uploads\\\/2022\\\/07\\\/escapades-memphremagog-developpement-durable-2.jpg\",\"contentUrl\":\"https:\\\/\\\/palplus.ca\\\/wp-content\\\/uploads\\\/2022\\\/07\\\/escapades-memphremagog-developpement-durable-2.jpg\",\"width\":1024,\"height\":770},{\"@type\":\"BreadcrumbList\",\"@id\":\"https:\\\/\\\/palplus.ca\\\/en\\\/about\\\/sustainable-development\\\/#breadcrumb\",\"itemListElement\":[{\"@type\":\"ListItem\",\"position\":1,\"name\":\"Accueil\",\"item\":\"https:\\\/\\\/palplus.ca\\\/en\\\/\"},{\"@type\":\"ListItem\",\"position\":2,\"name\":\"About\",\"item\":\"https:\\\/\\\/palplus.ca\\\/en\\\/about\\\/\"},{\"@type\":\"ListItem\",\"position\":3,\"name\":\"Sustainable Development\"}]},{\"@type\":\"WebSite\",\"@id\":\"https:\\\/\\\/palplus.ca\\\/en\\\/#website\",\"url\":\"https:\\\/\\\/palplus.ca\\\/en\\\/\",\"name\":\"PAL+ Exp\u00e9riences Touristiques\",\"description\":\"Cr\u00e9ateur d&#039;exp\u00e9riences\",\"publisher\":{\"@id\":\"https:\\\/\\\/palplus.ca\\\/en\\\/#organization\"},\"potentialAction\":[{\"@type\":\"SearchAction\",\"target\":{\"@type\":\"EntryPoint\",\"urlTemplate\":\"https:\\\/\\\/palplus.ca\\\/en\\\/?s={search_term_string}\"},\"query-input\":{\"@type\":\"PropertyValueSpecification\",\"valueRequired\":true,\"valueName\":\"search_term_string\"}}],\"inLanguage\":\"en-US\"},{\"@type\":\"Organization\",\"@id\":\"https:\\\/\\\/palplus.ca\\\/en\\\/#organization\",\"name\":\"PAL+ Exp\u00e9riences Touristiques\",\"url\":\"https:\\\/\\\/palplus.ca\\\/en\\\/\",\"logo\":{\"@type\":\"ImageObject\",\"inLanguage\":\"en-US\",\"@id\":\"https:\\\/\\\/palplus.ca\\\/en\\\/#\\\/schema\\\/logo\\\/image\\\/\",\"url\":\"https:\\\/\\\/palplus.ca\\\/wp-content\\\/uploads\\\/2022\\\/08\\\/pal.jpg\",\"contentUrl\":\"https:\\\/\\\/palplus.ca\\\/wp-content\\\/uploads\\\/2022\\\/08\\\/pal.jpg\",\"width\":160,\"height\":160,\"caption\":\"PAL+ Exp\u00e9riences Touristiques\"},\"image\":{\"@id\":\"https:\\\/\\\/palplus.ca\\\/en\\\/#\\\/schema\\\/logo\\\/image\\\/\"},\"sameAs\":[\"https:\\\/\\\/www.linkedin.com\\\/company\\\/palplus\\\/?originalSubdomain=ca\",\"https:\\\/\\\/www.youtube.com\\\/channel\\\/UCZW6NKHiyis-UXnQz0bKX1A\"]}]}<\/script>\n<!-- \/ Yoast SEO plugin. -->","yoast_head_json":{"title":"Sustainable Development &#8212; PAL+","robots":{"index":"index","follow":"follow","max-snippet":"max-snippet:-1","max-image-preview":"max-image-preview:large","max-video-preview":"max-video-preview:-1"},"canonical":"https:\/\/palplus.ca\/en\/about\/sustainable-development\/","og_locale":"en_US","og_type":"article","og_title":"Sustainable Development &#8212; PAL+","og_description":"Sustainable Development PAL+ Touristic Experiences believes strongly in sustainable development. That is why, for over a year, in partnership with addere (a consultancy), the company has committed itself to eco-friendly business practises to strengthen its support of social issues and the environment. Sustainable tourism is the tourism of the future, and PAL+ aims to be [&hellip;]","og_url":"https:\/\/palplus.ca\/en\/about\/sustainable-development\/","og_site_name":"PAL+","article_modified_time":"2022-09-23T14:47:16+00:00","og_image":[{"width":1024,"height":770,"url":"https:\/\/palplus.ca\/wp-content\/uploads\/2022\/07\/escapades-memphremagog-developpement-durable-2.jpg","type":"image\/jpeg"}],"twitter_card":"summary_large_image","twitter_misc":{"Est. reading time":"3 minutes"},"schema":{"@context":"https:\/\/schema.org","@graph":[{"@type":"WebPage","@id":"https:\/\/palplus.ca\/en\/about\/sustainable-development\/","url":"https:\/\/palplus.ca\/en\/about\/sustainable-development\/","name":"Sustainable Development &#8212; PAL+","isPartOf":{"@id":"https:\/\/palplus.ca\/en\/#website"},"primaryImageOfPage":{"@id":"https:\/\/palplus.ca\/en\/about\/sustainable-development\/#primaryimage"},"image":{"@id":"https:\/\/palplus.ca\/en\/about\/sustainable-development\/#primaryimage"},"thumbnailUrl":"https:\/\/palplus.ca\/wp-content\/uploads\/2022\/07\/escapades-memphremagog-developpement-durable-2.jpg","datePublished":"2022-06-30T18:26:50+00:00","dateModified":"2022-09-23T14:47:16+00:00","breadcrumb":{"@id":"https:\/\/palplus.ca\/en\/about\/sustainable-development\/#breadcrumb"},"inLanguage":"en-US","potentialAction":[{"@type":"ReadAction","target":["https:\/\/palplus.ca\/en\/about\/sustainable-development\/"]}]},{"@type":"ImageObject","inLanguage":"en-US","@id":"https:\/\/palplus.ca\/en\/about\/sustainable-development\/#primaryimage","url":"https:\/\/palplus.ca\/wp-content\/uploads\/2022\/07\/escapades-memphremagog-developpement-durable-2.jpg","contentUrl":"https:\/\/palplus.ca\/wp-content\/uploads\/2022\/07\/escapades-memphremagog-developpement-durable-2.jpg","width":1024,"height":770},{"@type":"BreadcrumbList","@id":"https:\/\/palplus.ca\/en\/about\/sustainable-development\/#breadcrumb","itemListElement":[{"@type":"ListItem","position":1,"name":"Accueil","item":"https:\/\/palplus.ca\/en\/"},{"@type":"ListItem","position":2,"name":"About","item":"https:\/\/palplus.ca\/en\/about\/"},{"@type":"ListItem","position":3,"name":"Sustainable Development"}]},{"@type":"WebSite","@id":"https:\/\/palplus.ca\/en\/#website","url":"https:\/\/palplus.ca\/en\/","name":"PAL+ Exp\u00e9riences Touristiques","description":"Cr\u00e9ateur d&#039;exp\u00e9riences","publisher":{"@id":"https:\/\/palplus.ca\/en\/#organization"},"potentialAction":[{"@type":"SearchAction","target":{"@type":"EntryPoint","urlTemplate":"https:\/\/palplus.ca\/en\/?s={search_term_string}"},"query-input":{"@type":"PropertyValueSpecification","valueRequired":true,"valueName":"search_term_string"}}],"inLanguage":"en-US"},{"@type":"Organization","@id":"https:\/\/palplus.ca\/en\/#organization","name":"PAL+ Exp\u00e9riences Touristiques","url":"https:\/\/palplus.ca\/en\/","logo":{"@type":"ImageObject","inLanguage":"en-US","@id":"https:\/\/palplus.ca\/en\/#\/schema\/logo\/image\/","url":"https:\/\/palplus.ca\/wp-content\/uploads\/2022\/08\/pal.jpg","contentUrl":"https:\/\/palplus.ca\/wp-content\/uploads\/2022\/08\/pal.jpg","width":160,"height":160,"caption":"PAL+ Exp\u00e9riences Touristiques"},"image":{"@id":"https:\/\/palplus.ca\/en\/#\/schema\/logo\/image\/"},"sameAs":["https:\/\/www.linkedin.com\/company\/palplus\/?originalSubdomain=ca","https:\/\/www.youtube.com\/channel\/UCZW6NKHiyis-UXnQz0bKX1A"]}]}},"_links":{"self":[{"href":"https:\/\/palplus.ca\/en\/wp-json\/wp\/v2\/pages\/831","targetHints":{"allow":["GET"]}}],"collection":[{"href":"https:\/\/palplus.ca\/en\/wp-json\/wp\/v2\/pages"}],"about":[{"href":"https:\/\/palplus.ca\/en\/wp-json\/wp\/v2\/types\/page"}],"author":[{"embeddable":true,"href":"https:\/\/palplus.ca\/en\/wp-json\/wp\/v2\/users\/1"}],"replies":[{"embeddable":true,"href":"https:\/\/palplus.ca\/en\/wp-json\/wp\/v2\/comments?post=831"}],"version-history":[{"count":0,"href":"https:\/\/palplus.ca\/en\/wp-json\/wp\/v2\/pages\/831\/revisions"}],"up":[{"embeddable":true,"href":"https:\/\/palplus.ca\/en\/wp-json\/wp\/v2\/pages\/829"}],"wp:featuredmedia":[{"embeddable":true,"href":"https:\/\/palplus.ca\/en\/wp-json\/wp\/v2\/media\/762"}],"wp:attachment":[{"href":"https:\/\/palplus.ca\/en\/wp-json\/wp\/v2\/media?parent=831"}],"curies":[{"name":"wp","href":"https:\/\/api.w.org\/{rel}","templated":true}]}}