{"id":838,"date":"2022-06-30T14:37:05","date_gmt":"2022-06-30T18:37:05","guid":{"rendered":"https:\/\/palplus.ca\/organiser-un-evenement\/evenements-sociaux\/"},"modified":"2024-06-25T10:52:54","modified_gmt":"2024-06-25T14:52:54","slug":"social-events","status":"publish","type":"page","link":"https:\/\/palplus.ca\/en\/organize-an-event\/social-events\/","title":{"rendered":"Social events"},"content":{"rendered":"\n<div class=\"wp-block-group block-page-header relative is-layout-flow wp-block-group-is-layout-flow\"><figure class=\"wp-block-post-featured-image\"><img loading=\"lazy\" decoding=\"async\" width=\"1530\" height=\"1022\" src=\"https:\/\/palplus.ca\/wp-content\/uploads\/2022\/07\/omg-evenement-social.jpg\" class=\"attachment-post-thumbnail size-post-thumbnail wp-post-image\" alt=\"\" style=\"object-fit:cover;\" srcset=\"https:\/\/palplus.ca\/wp-content\/uploads\/2022\/07\/omg-evenement-social.jpg 1530w, https:\/\/palplus.ca\/wp-content\/uploads\/2022\/07\/omg-evenement-social-300x200.jpg 300w, https:\/\/palplus.ca\/wp-content\/uploads\/2022\/07\/omg-evenement-social-1024x684.jpg 1024w, https:\/\/palplus.ca\/wp-content\/uploads\/2022\/07\/omg-evenement-social-768x513.jpg 768w\" sizes=\"auto, (max-width: 1530px) 100vw, 1530px\" \/><\/figure>\n\n\n<div class=\"wp-block-group is-layout-flow wp-block-group-is-layout-flow\">\n<h1 class=\"wp-block-heading\">Social Events<\/h1>\n<\/div>\n<\/div>\n\n\n\n<div class=\"wp-block-group block-text-media is-layout-flow wp-block-group-is-layout-flow\">\n<div class=\"wp-block-group is-layout-flow wp-block-group-is-layout-flow\">\n<figure class=\"wp-block-image size-large\"><img loading=\"lazy\" decoding=\"async\" width=\"1024\" height=\"576\" src=\"https:\/\/palplus.ca\/wp-content\/uploads\/2022\/07\/escapades-memphremagog-autre-evenement-resize-1024x576.jpg\" alt=\"\" class=\"wp-image-523\" srcset=\"https:\/\/palplus.ca\/wp-content\/uploads\/2022\/07\/escapades-memphremagog-autre-evenement-resize-1024x576.jpg 1024w, https:\/\/palplus.ca\/wp-content\/uploads\/2022\/07\/escapades-memphremagog-autre-evenement-resize-300x169.jpg 300w, https:\/\/palplus.ca\/wp-content\/uploads\/2022\/07\/escapades-memphremagog-autre-evenement-resize-768x432.jpg 768w, https:\/\/palplus.ca\/wp-content\/uploads\/2022\/07\/escapades-memphremagog-autre-evenement-resize-1536x864.jpg 1536w, https:\/\/palplus.ca\/wp-content\/uploads\/2022\/07\/escapades-memphremagog-autre-evenement-resize-2048x1152.jpg 2048w\" sizes=\"auto, (max-width: 1024px) 100vw, 1024px\" \/><\/figure>\n\n\n\n<div class=\"wp-block-group content is-layout-flow wp-block-group-is-layout-flow\">\n<h3 class=\"wp-block-heading\">Want to organize a social event?<\/h3>\n\n\n\n<p>Whether for a business meeting or your staff, you\u2019ll find that our one-of-a-kind venues will make for a memorable event.<\/p>\n<\/div>\n<\/div>\n\n\n\n<div class=\"wp-block-group is-layout-flow wp-block-group-is-layout-flow\">\n<figure class=\"wp-block-image size-large\"><img loading=\"lazy\" decoding=\"async\" width=\"1024\" height=\"683\" src=\"https:\/\/palplus.ca\/wp-content\/uploads\/2022\/06\/photo22-1-1024x683.jpg\" alt=\"\" class=\"wp-image-203\" srcset=\"https:\/\/palplus.ca\/wp-content\/uploads\/2022\/06\/photo22-1-1024x683.jpg 1024w, https:\/\/palplus.ca\/wp-content\/uploads\/2022\/06\/photo22-1-300x200.jpg 300w, https:\/\/palplus.ca\/wp-content\/uploads\/2022\/06\/photo22-1-768x512.jpg 768w, https:\/\/palplus.ca\/wp-content\/uploads\/2022\/06\/photo22-1.jpg 1345w\" sizes=\"auto, (max-width: 1024px) 100vw, 1024px\" \/><\/figure>\n\n\n\n<div class=\"wp-block-group content is-layout-flow wp-block-group-is-layout-flow\">\n<p>We can cater to small or large groups and help them to organize all kinds of events. Are you planning something that isn\u2019t listed below? No problem! Tell us what you have in mind and what you need, and our professional team will create a tailor-made event just for you!&nbsp;<\/p>\n\n\n\n<ul class=\"wp-block-list\">\n<li>Birthdays<\/li>\n\n\n\n<li>Wedding anniversaries<\/li>\n\n\n\n<li>Family gatherings<\/li>\n\n\n\n<li>Retirement parties<\/li>\n\n\n\n<li>Etc.<\/li>\n<\/ul>\n\n\n\n<div class=\"wp-block-buttons is-layout-flex wp-block-buttons-is-layout-flex\">\n<div class=\"wp-block-button btn btn-text-icon\"><a class=\"wp-block-button__link wp-element-button\" href=\"https:\/\/palplus.ca\/en\/contact-us\/#form\">Contact Us<\/a><\/div>\n<\/div>\n<\/div>\n<\/div>\n<\/div>\n\n\n\n<div class=\"wp-block-group block-text pad-vertical-2xl pad-horizontal-4xl is-layout-flow wp-block-group-is-layout-flow\">\n<div class=\"wp-block-columns is-layout-flex wp-container-core-columns-is-layout-9d6595d7 wp-block-columns-is-layout-flex\">\n<div class=\"wp-block-column is-layout-flow wp-block-column-is-layout-flow\">\n<h2 class=\"wp-block-heading has-text-align-center\" style=\"font-style:normal;font-weight:400\">Unique Locations<\/h2>\n\n\n\n<h6 class=\"wp-block-heading has-text-align-center has-cke-secondary-2-color has-text-color\">In an enchanting setting<\/h6>\n<\/div>\n<\/div>\n<\/div>\n\n\n\n<div class=\"wp-block-group block-text-media is-layout-flow wp-block-group-is-layout-flow\">\n<div class=\"wp-block-group is-layout-flow wp-block-group-is-layout-flow\">\n<h6 class=\"wp-block-heading\">Espace 4 Saisons<\/h6>\n\n\n\n<figure class=\"wp-block-image size-large\"><img loading=\"lazy\" decoding=\"async\" width=\"1024\" height=\"546\" src=\"https:\/\/palplus.ca\/wp-content\/uploads\/2022\/06\/pl-edifice-accueil-1024x546.jpg\" alt=\"\" class=\"wp-image-128\" srcset=\"https:\/\/palplus.ca\/wp-content\/uploads\/2022\/06\/pl-edifice-accueil-1024x546.jpg 1024w, https:\/\/palplus.ca\/wp-content\/uploads\/2022\/06\/pl-edifice-accueil-300x160.jpg 300w, https:\/\/palplus.ca\/wp-content\/uploads\/2022\/06\/pl-edifice-accueil-768x410.jpg 768w, https:\/\/palplus.ca\/wp-content\/uploads\/2022\/06\/pl-edifice-accueil-1536x819.jpg 1536w, https:\/\/palplus.ca\/wp-content\/uploads\/2022\/06\/pl-edifice-accueil-2048x1092.jpg 2048w\" sizes=\"auto, (max-width: 1024px) 100vw, 1024px\" \/><\/figure>\n\n\n\n<div class=\"wp-block-group content is-layout-flow wp-block-group-is-layout-flow\">\n<h3 class=\"wp-block-heading\">Espace 4 Saisons<\/h3>\n\n\n\n<p>Located at the foot of Mount Orford and only five minutes from Magog, Espace 4 Saisons offers guests a memorable stay in the picturesque Eastern Townships region of Quebec.<\/p>\n\n\n\n<div class=\"wp-block-buttons is-layout-flex wp-block-buttons-is-layout-flex\">\n<div class=\"wp-block-button btn btn-text-icon\"><a class=\"wp-block-button__link wp-element-button\" href=\"https:\/\/espace4saisons.com\/en\/\" target=\"_blank\" rel=\"noreferrer noopener\">Discover<\/a><\/div>\n<\/div>\n<\/div>\n<\/div>\n\n\n\n<div class=\"wp-block-group is-layout-flow wp-block-group-is-layout-flow\">\n<h6 class=\"wp-block-heading\">Vers\u014d<\/h6>\n\n\n\n<figure class=\"wp-block-image size-large\"><img loading=\"lazy\" decoding=\"async\" width=\"1024\" height=\"683\" src=\"https:\/\/palplus.ca\/wp-content\/uploads\/2022\/06\/hotel-verso1-1024x683.jpg\" alt=\"\" class=\"wp-image-135\" srcset=\"https:\/\/palplus.ca\/wp-content\/uploads\/2022\/06\/hotel-verso1-1024x683.jpg 1024w, https:\/\/palplus.ca\/wp-content\/uploads\/2022\/06\/hotel-verso1-300x200.jpg 300w, https:\/\/palplus.ca\/wp-content\/uploads\/2022\/06\/hotel-verso1-768x512.jpg 768w, https:\/\/palplus.ca\/wp-content\/uploads\/2022\/06\/hotel-verso1-1536x1024.jpg 1536w, https:\/\/palplus.ca\/wp-content\/uploads\/2022\/06\/hotel-verso1-2048x1365.jpg 2048w\" sizes=\"auto, (max-width: 1024px) 100vw, 1024px\" \/><\/figure>\n\n\n\n<div class=\"wp-block-group content is-layout-flow wp-block-group-is-layout-flow\">\n<h3 class=\"wp-block-heading\">Vers\u014d<\/h3>\n\n\n\n<p>The Vers\u014d hotel looks out over Lake Memphremagog. This peaceful haven is surrounded by nature, yet is a mere stone\u2019s throw from Magog\u2019s lively downtown.<\/p>\n\n\n\n<div class=\"wp-block-buttons is-layout-flex wp-block-buttons-is-layout-flex\">\n<div class=\"wp-block-button btn btn-text-icon\"><a class=\"wp-block-button__link wp-element-button\" href=\"https:\/\/hotelverso.ca\/en\" target=\"_blank\" rel=\"noreferrer noopener\">Discover<\/a><\/div>\n<\/div>\n<\/div>\n<\/div>\n\n\n\n<div class=\"wp-block-group is-layout-flow wp-block-group-is-layout-flow\">\n<h6 class=\"wp-block-heading\">OMG Resto<\/h6>\n\n\n\n<figure class=\"wp-block-image size-large\"><img loading=\"lazy\" decoding=\"async\" width=\"1024\" height=\"683\" src=\"https:\/\/palplus.ca\/wp-content\/uploads\/2022\/06\/omg-resto1-1024x683.jpg\" alt=\"\" class=\"wp-image-139\" srcset=\"https:\/\/palplus.ca\/wp-content\/uploads\/2022\/06\/omg-resto1-1024x683.jpg 1024w, https:\/\/palplus.ca\/wp-content\/uploads\/2022\/06\/omg-resto1-300x200.jpg 300w, https:\/\/palplus.ca\/wp-content\/uploads\/2022\/06\/omg-resto1-768x512.jpg 768w, https:\/\/palplus.ca\/wp-content\/uploads\/2022\/06\/omg-resto1-1536x1024.jpg 1536w, https:\/\/palplus.ca\/wp-content\/uploads\/2022\/06\/omg-resto1-2048x1365.jpg 2048w\" sizes=\"auto, (max-width: 1024px) 100vw, 1024px\" \/><\/figure>\n\n\n\n<div class=\"wp-block-group content is-layout-flow wp-block-group-is-layout-flow\">\n<h3 class=\"wp-block-heading\">OMG Resto<\/h3>\n\n\n\n<p>Situated in downtown Sherbrooke, in what used to be the Sainte-Th\u00e9r\u00e8se church, this old-made-new-again restaurant with its festive ambience, offers a selection of \u2018devilishly\u2019 decadent meals!<\/p>\n\n\n\n<div class=\"wp-block-buttons is-layout-flex wp-block-buttons-is-layout-flex\">\n<div class=\"wp-block-button btn btn-text-icon\"><a class=\"wp-block-button__link wp-element-button\" href=\"https:\/\/www.omgresto.com\/home.html\" target=\"_blank\" rel=\"noreferrer noopener\">Discover<\/a><\/div>\n<\/div>\n<\/div>\n<\/div>\n\n\n\n<div class=\"wp-block-group is-layout-flow wp-block-group-is-layout-flow\">\n<h6 class=\"wp-block-heading\">Le Grand Cru<\/h6>\n\n\n\n<figure class=\"wp-block-image size-large\"><img loading=\"lazy\" decoding=\"async\" width=\"1024\" height=\"683\" src=\"https:\/\/palplus.ca\/wp-content\/uploads\/2022\/06\/escapades-memphremagog1-1024x683.jpg\" alt=\"\" class=\"wp-image-140\" srcset=\"https:\/\/palplus.ca\/wp-content\/uploads\/2022\/06\/escapades-memphremagog1-1024x683.jpg 1024w, https:\/\/palplus.ca\/wp-content\/uploads\/2022\/06\/escapades-memphremagog1-300x200.jpg 300w, https:\/\/palplus.ca\/wp-content\/uploads\/2022\/06\/escapades-memphremagog1-768x512.jpg 768w, https:\/\/palplus.ca\/wp-content\/uploads\/2022\/06\/escapades-memphremagog1-1536x1024.jpg 1536w, https:\/\/palplus.ca\/wp-content\/uploads\/2022\/06\/escapades-memphremagog1-2048x1365.jpg 2048w\" sizes=\"auto, (max-width: 1024px) 100vw, 1024px\" \/><\/figure>\n\n\n\n<div class=\"wp-block-group content is-layout-flow wp-block-group-is-layout-flow\">\n<h3 class=\"wp-block-heading\">Escapades Memphr\u00e9magog<\/h3>\n\n\n\n<p>Climb aboard the luxury vessel Le Grand Cru, and enjoy a relaxing sail with gourmet food, on picturesque Lake Memphremagog.<\/p>\n\n\n\n<div class=\"wp-block-buttons is-layout-flex wp-block-buttons-is-layout-flex\">\n<div class=\"wp-block-button btn btn-text-icon\"><a class=\"wp-block-button__link wp-element-button\" href=\"https:\/\/escapadesmemphremagog.com\/en\/explore-the-grand-cru\/the-boat\/\" target=\"_blank\" rel=\"noreferrer noopener\">Discover<\/a><\/div>\n<\/div>\n<\/div>\n<\/div>\n<\/div>\n\n\n<div class=\"block-quote-slideshow pad-vertical-2xl pad-horizontal-3xl txt-center\">\n\t\t\t<h6 class=\"slideshow-title\">Successful Events<\/h6>\n\t\t<div class=\"slideshow-slides\">\n\t\t\t\t\t<div class=\"slide active\">\n\t\t\t\t<div class=\"quote-content relative marg-vertical-l\"><h4>During this period of travel restrictions, I\u2019d like to suggest an outing I enjoyed during the summer of 2020: a 3-hour dinner cruise in Magog. It\u2019s perfect for an evening with your significant other or even a group of friends.<\/h4>\n<h4>The meal was delicious! I must admit, I\u2019ve never eaten so well! The whole evening was perfect\u2014from the welcome cocktail to the fantastic musicians\u2026 I strongly recommend it.<\/h4>\n<\/div>\n\t\t\t\t<div class=\"quote-author marg-vertical-l\"><h5>Julie Latendresse<\/h5>\n<h6>Travel agent and satisfied customer<\/h6>\n<\/div>\n\t\t\t<\/div>\n\t\t\t\n\t<\/div>\n\t<div class=\"slideshow-indicator pad-vertical-m txt-center\">\n\t\t\t\t\t<div class=\"active\"><div><\/div><\/div>\n\t\t\t<\/div>\n<\/div>\n\n\n<div class=\"wp-block-group block-text pad-vertical-2xl pad-horizontal-4xl is-layout-flow wp-block-group-is-layout-flow\">\n<div class=\"wp-block-columns is-layout-flex wp-container-core-columns-is-layout-9d6595d7 wp-block-columns-is-layout-flex\">\n<div class=\"wp-block-column is-layout-flow wp-block-column-is-layout-flow\">\n<h3 class=\"wp-block-heading has-text-align-center\" style=\"font-style:normal;font-weight:400\">Do you have questions about our services or want to plan an event?<\/h3>\n\n\n\n<div class=\"wp-block-buttons is-content-justification-center is-layout-flex wp-container-core-buttons-is-layout-16018d1d wp-block-buttons-is-layout-flex\">\n<div class=\"wp-block-button btn btn-text-icon\"><a class=\"wp-block-button__link wp-element-button\" href=\"https:\/\/palplus.ca\/en\/contact-us\/\">Contact Us<\/a><\/div>\n<\/div>\n<\/div>\n<\/div>\n<\/div>\n","protected":false},"excerpt":{"rendered":"<p>Social Events Want to organize a social event? Whether for a business meeting or your staff, you\u2019ll find that our one-of-a-kind venues will make for a memorable event. We can cater to small or large groups and help them to organize all kinds of events. Are you planning something that isn\u2019t listed below? No problem! [&hellip;]<\/p>\n","protected":false},"author":1,"featured_media":774,"parent":836,"menu_order":0,"comment_status":"closed","ping_status":"closed","template":"","meta":{"_acf_changed":false,"inline_featured_image":false,"footnotes":""},"class_list":["post-838","page","type-page","status-publish","has-post-thumbnail","hentry"],"acf":[],"yoast_head":"<!-- This site is optimized with the Yoast SEO plugin v27.5 - https:\/\/yoast.com\/product\/yoast-seo-wordpress\/ -->\n<title>Social events &#8212; PAL+<\/title>\n<meta name=\"robots\" content=\"index, follow, max-snippet:-1, max-image-preview:large, max-video-preview:-1\" \/>\n<link rel=\"canonical\" href=\"https:\/\/palplus.ca\/en\/organize-an-event\/social-events\/\" \/>\n<meta property=\"og:locale\" content=\"en_US\" \/>\n<meta property=\"og:type\" content=\"article\" \/>\n<meta property=\"og:title\" content=\"Social events &#8212; PAL+\" \/>\n<meta property=\"og:description\" content=\"Social Events Want to organize a social event? Whether for a business meeting or your staff, you\u2019ll find that our one-of-a-kind venues will make for a memorable event. We can cater to small or large groups and help them to organize all kinds of events. Are you planning something that isn\u2019t listed below? No problem! [&hellip;]\" \/>\n<meta property=\"og:url\" content=\"https:\/\/palplus.ca\/en\/organize-an-event\/social-events\/\" \/>\n<meta property=\"og:site_name\" content=\"PAL+\" \/>\n<meta property=\"article:modified_time\" content=\"2024-06-25T14:52:54+00:00\" \/>\n<meta property=\"og:image\" content=\"https:\/\/palplus.ca\/wp-content\/uploads\/2022\/07\/omg-evenement-social.jpg\" \/>\n\t<meta property=\"og:image:width\" content=\"1530\" \/>\n\t<meta property=\"og:image:height\" content=\"1022\" \/>\n\t<meta property=\"og:image:type\" content=\"image\/jpeg\" \/>\n<meta name=\"twitter:card\" content=\"summary_large_image\" \/>\n<meta name=\"twitter:label1\" content=\"Est. reading time\" \/>\n\t<meta name=\"twitter:data1\" content=\"3 minutes\" \/>\n<script type=\"application\/ld+json\" class=\"yoast-schema-graph\">{\"@context\":\"https:\\\/\\\/schema.org\",\"@graph\":[{\"@type\":\"WebPage\",\"@id\":\"https:\\\/\\\/palplus.ca\\\/en\\\/organize-an-event\\\/social-events\\\/\",\"url\":\"https:\\\/\\\/palplus.ca\\\/en\\\/organize-an-event\\\/social-events\\\/\",\"name\":\"Social events &#8212; PAL+\",\"isPartOf\":{\"@id\":\"https:\\\/\\\/palplus.ca\\\/en\\\/#website\"},\"primaryImageOfPage\":{\"@id\":\"https:\\\/\\\/palplus.ca\\\/en\\\/organize-an-event\\\/social-events\\\/#primaryimage\"},\"image\":{\"@id\":\"https:\\\/\\\/palplus.ca\\\/en\\\/organize-an-event\\\/social-events\\\/#primaryimage\"},\"thumbnailUrl\":\"https:\\\/\\\/palplus.ca\\\/wp-content\\\/uploads\\\/2022\\\/07\\\/omg-evenement-social.jpg\",\"datePublished\":\"2022-06-30T18:37:05+00:00\",\"dateModified\":\"2024-06-25T14:52:54+00:00\",\"breadcrumb\":{\"@id\":\"https:\\\/\\\/palplus.ca\\\/en\\\/organize-an-event\\\/social-events\\\/#breadcrumb\"},\"inLanguage\":\"en-US\",\"potentialAction\":[{\"@type\":\"ReadAction\",\"target\":[\"https:\\\/\\\/palplus.ca\\\/en\\\/organize-an-event\\\/social-events\\\/\"]}]},{\"@type\":\"ImageObject\",\"inLanguage\":\"en-US\",\"@id\":\"https:\\\/\\\/palplus.ca\\\/en\\\/organize-an-event\\\/social-events\\\/#primaryimage\",\"url\":\"https:\\\/\\\/palplus.ca\\\/wp-content\\\/uploads\\\/2022\\\/07\\\/omg-evenement-social.jpg\",\"contentUrl\":\"https:\\\/\\\/palplus.ca\\\/wp-content\\\/uploads\\\/2022\\\/07\\\/omg-evenement-social.jpg\",\"width\":1530,\"height\":1022},{\"@type\":\"BreadcrumbList\",\"@id\":\"https:\\\/\\\/palplus.ca\\\/en\\\/organize-an-event\\\/social-events\\\/#breadcrumb\",\"itemListElement\":[{\"@type\":\"ListItem\",\"position\":1,\"name\":\"Accueil\",\"item\":\"https:\\\/\\\/palplus.ca\\\/en\\\/\"},{\"@type\":\"ListItem\",\"position\":2,\"name\":\"Organize An Event\",\"item\":\"https:\\\/\\\/palplus.ca\\\/en\\\/organize-an-event\\\/\"},{\"@type\":\"ListItem\",\"position\":3,\"name\":\"Social events\"}]},{\"@type\":\"WebSite\",\"@id\":\"https:\\\/\\\/palplus.ca\\\/en\\\/#website\",\"url\":\"https:\\\/\\\/palplus.ca\\\/en\\\/\",\"name\":\"PAL+ Exp\u00e9riences Touristiques\",\"description\":\"Cr\u00e9ateur d&#039;exp\u00e9riences\",\"publisher\":{\"@id\":\"https:\\\/\\\/palplus.ca\\\/en\\\/#organization\"},\"potentialAction\":[{\"@type\":\"SearchAction\",\"target\":{\"@type\":\"EntryPoint\",\"urlTemplate\":\"https:\\\/\\\/palplus.ca\\\/en\\\/?s={search_term_string}\"},\"query-input\":{\"@type\":\"PropertyValueSpecification\",\"valueRequired\":true,\"valueName\":\"search_term_string\"}}],\"inLanguage\":\"en-US\"},{\"@type\":\"Organization\",\"@id\":\"https:\\\/\\\/palplus.ca\\\/en\\\/#organization\",\"name\":\"PAL+ Exp\u00e9riences Touristiques\",\"url\":\"https:\\\/\\\/palplus.ca\\\/en\\\/\",\"logo\":{\"@type\":\"ImageObject\",\"inLanguage\":\"en-US\",\"@id\":\"https:\\\/\\\/palplus.ca\\\/en\\\/#\\\/schema\\\/logo\\\/image\\\/\",\"url\":\"https:\\\/\\\/palplus.ca\\\/wp-content\\\/uploads\\\/2022\\\/08\\\/pal.jpg\",\"contentUrl\":\"https:\\\/\\\/palplus.ca\\\/wp-content\\\/uploads\\\/2022\\\/08\\\/pal.jpg\",\"width\":160,\"height\":160,\"caption\":\"PAL+ Exp\u00e9riences Touristiques\"},\"image\":{\"@id\":\"https:\\\/\\\/palplus.ca\\\/en\\\/#\\\/schema\\\/logo\\\/image\\\/\"},\"sameAs\":[\"https:\\\/\\\/www.linkedin.com\\\/company\\\/palplus\\\/?originalSubdomain=ca\",\"https:\\\/\\\/www.youtube.com\\\/channel\\\/UCZW6NKHiyis-UXnQz0bKX1A\"]}]}<\/script>\n<!-- \/ Yoast SEO plugin. -->","yoast_head_json":{"title":"Social events &#8212; PAL+","robots":{"index":"index","follow":"follow","max-snippet":"max-snippet:-1","max-image-preview":"max-image-preview:large","max-video-preview":"max-video-preview:-1"},"canonical":"https:\/\/palplus.ca\/en\/organize-an-event\/social-events\/","og_locale":"en_US","og_type":"article","og_title":"Social events &#8212; PAL+","og_description":"Social Events Want to organize a social event? Whether for a business meeting or your staff, you\u2019ll find that our one-of-a-kind venues will make for a memorable event. We can cater to small or large groups and help them to organize all kinds of events. Are you planning something that isn\u2019t listed below? No problem! [&hellip;]","og_url":"https:\/\/palplus.ca\/en\/organize-an-event\/social-events\/","og_site_name":"PAL+","article_modified_time":"2024-06-25T14:52:54+00:00","og_image":[{"width":1530,"height":1022,"url":"https:\/\/palplus.ca\/wp-content\/uploads\/2022\/07\/omg-evenement-social.jpg","type":"image\/jpeg"}],"twitter_card":"summary_large_image","twitter_misc":{"Est. reading time":"3 minutes"},"schema":{"@context":"https:\/\/schema.org","@graph":[{"@type":"WebPage","@id":"https:\/\/palplus.ca\/en\/organize-an-event\/social-events\/","url":"https:\/\/palplus.ca\/en\/organize-an-event\/social-events\/","name":"Social events &#8212; PAL+","isPartOf":{"@id":"https:\/\/palplus.ca\/en\/#website"},"primaryImageOfPage":{"@id":"https:\/\/palplus.ca\/en\/organize-an-event\/social-events\/#primaryimage"},"image":{"@id":"https:\/\/palplus.ca\/en\/organize-an-event\/social-events\/#primaryimage"},"thumbnailUrl":"https:\/\/palplus.ca\/wp-content\/uploads\/2022\/07\/omg-evenement-social.jpg","datePublished":"2022-06-30T18:37:05+00:00","dateModified":"2024-06-25T14:52:54+00:00","breadcrumb":{"@id":"https:\/\/palplus.ca\/en\/organize-an-event\/social-events\/#breadcrumb"},"inLanguage":"en-US","potentialAction":[{"@type":"ReadAction","target":["https:\/\/palplus.ca\/en\/organize-an-event\/social-events\/"]}]},{"@type":"ImageObject","inLanguage":"en-US","@id":"https:\/\/palplus.ca\/en\/organize-an-event\/social-events\/#primaryimage","url":"https:\/\/palplus.ca\/wp-content\/uploads\/2022\/07\/omg-evenement-social.jpg","contentUrl":"https:\/\/palplus.ca\/wp-content\/uploads\/2022\/07\/omg-evenement-social.jpg","width":1530,"height":1022},{"@type":"BreadcrumbList","@id":"https:\/\/palplus.ca\/en\/organize-an-event\/social-events\/#breadcrumb","itemListElement":[{"@type":"ListItem","position":1,"name":"Accueil","item":"https:\/\/palplus.ca\/en\/"},{"@type":"ListItem","position":2,"name":"Organize An Event","item":"https:\/\/palplus.ca\/en\/organize-an-event\/"},{"@type":"ListItem","position":3,"name":"Social events"}]},{"@type":"WebSite","@id":"https:\/\/palplus.ca\/en\/#website","url":"https:\/\/palplus.ca\/en\/","name":"PAL+ Exp\u00e9riences Touristiques","description":"Cr\u00e9ateur d&#039;exp\u00e9riences","publisher":{"@id":"https:\/\/palplus.ca\/en\/#organization"},"potentialAction":[{"@type":"SearchAction","target":{"@type":"EntryPoint","urlTemplate":"https:\/\/palplus.ca\/en\/?s={search_term_string}"},"query-input":{"@type":"PropertyValueSpecification","valueRequired":true,"valueName":"search_term_string"}}],"inLanguage":"en-US"},{"@type":"Organization","@id":"https:\/\/palplus.ca\/en\/#organization","name":"PAL+ Exp\u00e9riences Touristiques","url":"https:\/\/palplus.ca\/en\/","logo":{"@type":"ImageObject","inLanguage":"en-US","@id":"https:\/\/palplus.ca\/en\/#\/schema\/logo\/image\/","url":"https:\/\/palplus.ca\/wp-content\/uploads\/2022\/08\/pal.jpg","contentUrl":"https:\/\/palplus.ca\/wp-content\/uploads\/2022\/08\/pal.jpg","width":160,"height":160,"caption":"PAL+ Exp\u00e9riences Touristiques"},"image":{"@id":"https:\/\/palplus.ca\/en\/#\/schema\/logo\/image\/"},"sameAs":["https:\/\/www.linkedin.com\/company\/palplus\/?originalSubdomain=ca","https:\/\/www.youtube.com\/channel\/UCZW6NKHiyis-UXnQz0bKX1A"]}]}},"_links":{"self":[{"href":"https:\/\/palplus.ca\/en\/wp-json\/wp\/v2\/pages\/838","targetHints":{"allow":["GET"]}}],"collection":[{"href":"https:\/\/palplus.ca\/en\/wp-json\/wp\/v2\/pages"}],"about":[{"href":"https:\/\/palplus.ca\/en\/wp-json\/wp\/v2\/types\/page"}],"author":[{"embeddable":true,"href":"https:\/\/palplus.ca\/en\/wp-json\/wp\/v2\/users\/1"}],"replies":[{"embeddable":true,"href":"https:\/\/palplus.ca\/en\/wp-json\/wp\/v2\/comments?post=838"}],"version-history":[{"count":0,"href":"https:\/\/palplus.ca\/en\/wp-json\/wp\/v2\/pages\/838\/revisions"}],"up":[{"embeddable":true,"href":"https:\/\/palplus.ca\/en\/wp-json\/wp\/v2\/pages\/836"}],"wp:featuredmedia":[{"embeddable":true,"href":"https:\/\/palplus.ca\/en\/wp-json\/wp\/v2\/media\/774"}],"wp:attachment":[{"href":"https:\/\/palplus.ca\/en\/wp-json\/wp\/v2\/media?parent=838"}],"curies":[{"name":"wp","href":"https:\/\/api.w.org\/{rel}","templated":true}]}}