{"id":839,"date":"2022-06-13T13:05:34","date_gmt":"2022-06-13T17:05:34","guid":{"rendered":"https:\/\/palplus.ca\/organiser-un-evenement\/mariages\/"},"modified":"2022-09-19T09:27:29","modified_gmt":"2022-09-19T13:27:29","slug":"weddings","status":"publish","type":"page","link":"https:\/\/palplus.ca\/en\/organize-an-event\/weddings\/","title":{"rendered":"Weddings"},"content":{"rendered":"\n<div class=\"wp-block-group block-page-header relative is-layout-flow wp-block-group-is-layout-flow\"><figure class=\"wp-block-post-featured-image\"><img loading=\"lazy\" decoding=\"async\" width=\"2400\" height=\"1350\" src=\"https:\/\/palplus.ca\/wp-content\/uploads\/2022\/07\/e4s-mariage-resize.jpg\" class=\"attachment-post-thumbnail size-post-thumbnail wp-post-image\" alt=\"\" style=\"object-fit:cover;\" srcset=\"https:\/\/palplus.ca\/wp-content\/uploads\/2022\/07\/e4s-mariage-resize.jpg 2400w, https:\/\/palplus.ca\/wp-content\/uploads\/2022\/07\/e4s-mariage-resize-300x169.jpg 300w, https:\/\/palplus.ca\/wp-content\/uploads\/2022\/07\/e4s-mariage-resize-1024x576.jpg 1024w, https:\/\/palplus.ca\/wp-content\/uploads\/2022\/07\/e4s-mariage-resize-768x432.jpg 768w, https:\/\/palplus.ca\/wp-content\/uploads\/2022\/07\/e4s-mariage-resize-1536x864.jpg 1536w, https:\/\/palplus.ca\/wp-content\/uploads\/2022\/07\/e4s-mariage-resize-2048x1152.jpg 2048w\" sizes=\"auto, (max-width: 2400px) 100vw, 2400px\" \/><\/figure>\n\n\n<div class=\"wp-block-group is-layout-flow wp-block-group-is-layout-flow\">\n<h1 class=\"wp-block-heading\">Weddings<\/h1>\n<\/div>\n<\/div>\n\n\n\n<div class=\"wp-block-group block-text-media is-layout-flow wp-block-group-is-layout-flow\">\n<div class=\"wp-block-group is-layout-flow wp-block-group-is-layout-flow\">\n<figure class=\"wp-block-image size-large\"><img loading=\"lazy\" decoding=\"async\" width=\"1024\" height=\"576\" src=\"https:\/\/palplus.ca\/wp-content\/uploads\/2022\/07\/escapades-memphremagog-mariage-resize-1024x576.jpg\" alt=\"\" class=\"wp-image-519\" srcset=\"https:\/\/palplus.ca\/wp-content\/uploads\/2022\/07\/escapades-memphremagog-mariage-resize-1024x576.jpg 1024w, https:\/\/palplus.ca\/wp-content\/uploads\/2022\/07\/escapades-memphremagog-mariage-resize-300x169.jpg 300w, https:\/\/palplus.ca\/wp-content\/uploads\/2022\/07\/escapades-memphremagog-mariage-resize-768x432.jpg 768w, https:\/\/palplus.ca\/wp-content\/uploads\/2022\/07\/escapades-memphremagog-mariage-resize-1536x864.jpg 1536w, https:\/\/palplus.ca\/wp-content\/uploads\/2022\/07\/escapades-memphremagog-mariage-resize-2048x1152.jpg 2048w\" sizes=\"auto, (max-width: 1024px) 100vw, 1024px\" \/><\/figure>\n\n\n\n<div class=\"wp-block-group content is-layout-flow wp-block-group-is-layout-flow\">\n<h3 class=\"wp-block-heading\">Your wedding is without a doubt one of the most important days of your life.<\/h3>\n\n\n\n<p>Let us help you find THE perfect place to celebrate your union.<\/p>\n<\/div>\n<\/div>\n\n\n\n<div class=\"wp-block-group is-layout-flow wp-block-group-is-layout-flow\">\n<figure class=\"wp-block-image size-large\"><img loading=\"lazy\" decoding=\"async\" width=\"1024\" height=\"683\" src=\"https:\/\/palplus.ca\/wp-content\/uploads\/2022\/07\/e4s-mariage-3-1024x683.jpg\" alt=\"\" class=\"wp-image-520\" srcset=\"https:\/\/palplus.ca\/wp-content\/uploads\/2022\/07\/e4s-mariage-3-1024x683.jpg 1024w, https:\/\/palplus.ca\/wp-content\/uploads\/2022\/07\/e4s-mariage-3-300x200.jpg 300w, https:\/\/palplus.ca\/wp-content\/uploads\/2022\/07\/e4s-mariage-3-768x512.jpg 768w, https:\/\/palplus.ca\/wp-content\/uploads\/2022\/07\/e4s-mariage-3-1536x1024.jpg 1536w, https:\/\/palplus.ca\/wp-content\/uploads\/2022\/07\/e4s-mariage-3-2048x1365.jpg 2048w\" sizes=\"auto, (max-width: 1024px) 100vw, 1024px\" \/><\/figure>\n\n\n\n<div class=\"wp-block-group content is-layout-flow wp-block-group-is-layout-flow\">\n<p>Choose PAL+ to celebrate one of the most important days of your life. No matter which venue you opt for, you\u2019ll be more than happy with both the food and the exceptional service! Our team will make sure you and your loved ones can celebrate your union in a memorable, unique manner.&nbsp;<\/p>\n\n\n\n<ul class=\"wp-block-list\"><li>One-of-a-kind venues<\/li><li>Top quality food<\/li><li>A professional team<\/li><li>Basic packages<\/li><li>Add-ons for a tailor-made package <\/li><li>The best day of your life!<\/li><\/ul>\n\n\n\n<div class=\"wp-block-buttons is-layout-flex wp-block-buttons-is-layout-flex\">\n<div class=\"wp-block-button btn btn-text-icon\"><a class=\"wp-block-button__link\" href=\"https:\/\/palplus.ca\/en\/contact-us\/#form\">Contact Us<\/a><\/div>\n<\/div>\n<\/div>\n<\/div>\n<\/div>\n\n\n\n<div class=\"wp-block-group block-text pad-vertical-2xl pad-horizontal-4xl is-layout-flow wp-block-group-is-layout-flow\">\n<div class=\"wp-block-columns is-layout-flex wp-container-core-columns-is-layout-9d6595d7 wp-block-columns-is-layout-flex\">\n<div class=\"wp-block-column is-layout-flow wp-block-column-is-layout-flow\">\n<h2 class=\"has-text-align-center wp-block-heading\" style=\"font-style:normal;font-weight:400\">Unique Locations<\/h2>\n\n\n\n<h6 class=\"has-text-align-center has-cke-secondary-2-color has-text-color wp-block-heading\">In an enchanting setting<\/h6>\n<\/div>\n<\/div>\n<\/div>\n\n\n\n<div class=\"wp-block-group block-text-media is-layout-flow wp-block-group-is-layout-flow\">\n<div class=\"wp-block-group is-layout-flow wp-block-group-is-layout-flow\">\n<h6 class=\"wp-block-heading\">Espace 4 Saisons<\/h6>\n\n\n\n<figure class=\"wp-block-image size-large\"><img loading=\"lazy\" decoding=\"async\" width=\"1024\" height=\"546\" src=\"https:\/\/palplus.ca\/wp-content\/uploads\/2022\/06\/pl-edifice-accueil-1024x546.jpg\" alt=\"\" class=\"wp-image-128\" srcset=\"https:\/\/palplus.ca\/wp-content\/uploads\/2022\/06\/pl-edifice-accueil-1024x546.jpg 1024w, https:\/\/palplus.ca\/wp-content\/uploads\/2022\/06\/pl-edifice-accueil-300x160.jpg 300w, https:\/\/palplus.ca\/wp-content\/uploads\/2022\/06\/pl-edifice-accueil-768x410.jpg 768w, https:\/\/palplus.ca\/wp-content\/uploads\/2022\/06\/pl-edifice-accueil-1536x819.jpg 1536w, https:\/\/palplus.ca\/wp-content\/uploads\/2022\/06\/pl-edifice-accueil-2048x1092.jpg 2048w\" sizes=\"auto, (max-width: 1024px) 100vw, 1024px\" \/><\/figure>\n\n\n\n<div class=\"wp-block-group content is-layout-flow wp-block-group-is-layout-flow\">\n<h3 class=\"wp-block-heading\">Espace 4 Saisons is the ideal place for a unique wedding\u2014summer or winter.<\/h3>\n\n\n\n<p>Located at the foot of Mount Orford and only five minutes from Magog, Espace 4 Saisons offers guests a memorable stay in the picturesque Eastern Townships region of Quebec.<\/p>\n\n\n\n<div class=\"wp-block-buttons is-layout-flex wp-block-buttons-is-layout-flex\">\n<div class=\"wp-block-button btn btn-text-icon\"><a class=\"wp-block-button__link\" href=\"https:\/\/espace4saisons.com\/en\/\" target=\"_blank\" rel=\"noreferrer noopener\">Discover<\/a><\/div>\n<\/div>\n<\/div>\n<\/div>\n\n\n\n<div class=\"wp-block-group is-layout-flow wp-block-group-is-layout-flow\">\n<h6 class=\"wp-block-heading\">Le Grand Cru<\/h6>\n\n\n\n<figure class=\"wp-block-image size-large\"><img loading=\"lazy\" decoding=\"async\" width=\"1024\" height=\"683\" src=\"https:\/\/palplus.ca\/wp-content\/uploads\/2022\/06\/escapades-memphremagog1-1024x683.jpg\" alt=\"\" class=\"wp-image-140\" srcset=\"https:\/\/palplus.ca\/wp-content\/uploads\/2022\/06\/escapades-memphremagog1-1024x683.jpg 1024w, https:\/\/palplus.ca\/wp-content\/uploads\/2022\/06\/escapades-memphremagog1-300x200.jpg 300w, https:\/\/palplus.ca\/wp-content\/uploads\/2022\/06\/escapades-memphremagog1-768x512.jpg 768w, https:\/\/palplus.ca\/wp-content\/uploads\/2022\/06\/escapades-memphremagog1-1536x1024.jpg 1536w, https:\/\/palplus.ca\/wp-content\/uploads\/2022\/06\/escapades-memphremagog1-2048x1365.jpg 2048w\" sizes=\"auto, (max-width: 1024px) 100vw, 1024px\" \/><\/figure>\n\n\n\n<div class=\"wp-block-group content is-layout-flow wp-block-group-is-layout-flow\">\n<h3 class=\"wp-block-heading\">Celebrate your wedding\u2026 on water!<\/h3>\n\n\n\n<p>Climb aboard the luxury vessel Le Grand Cru, and enjoy a relaxing sail with gourmet food on picturesque Lake Memphremagog.<\/p>\n\n\n\n<div class=\"wp-block-buttons is-layout-flex wp-block-buttons-is-layout-flex\">\n<div class=\"wp-block-button btn btn-text-icon\"><a class=\"wp-block-button__link\" href=\"https:\/\/escapadesmemphremagog.com\/en\/explore-the-grand-cru\/the-boat\/\" target=\"_blank\" rel=\"noreferrer noopener\">Discover<\/a><\/div>\n<\/div>\n<\/div>\n<\/div>\n<\/div>\n\n\n<div class=\"block-quote-slideshow pad-vertical-2xl pad-horizontal-3xl txt-center\">\n\t\t\t<h6 class=\"slideshow-title\">Des \u00e9v\u00e9nements r\u00e9ussis<\/h6>\n\t\t<div class=\"slideshow-slides\">\n\t\t\t\t\t<div class=\"slide active\">\n\t\t\t\t<div class=\"quote-content relative marg-vertical-l\"><h4>I got married at OMG Resto in 2018. From the ceremony at the altar to the evening reception, everything was just perfect! A big thank you once again to the team!<\/h4>\n<\/div>\n\t\t\t\t<div class=\"quote-author marg-vertical-l\"><h5>Am\u00e9lie P.<\/h5>\n<h6>Qu\u00e9bec<\/h6>\n<\/div>\n\t\t\t<\/div>\n\t\t\t\n\t<\/div>\n\t<div class=\"slideshow-indicator pad-vertical-m txt-center\">\n\t\t\t\t\t<div class=\"active\"><div><\/div><\/div>\n\t\t\t<\/div>\n<\/div>\n\n\n<div class=\"wp-block-group block-text pad-vertical-2xl pad-horizontal-4xl is-layout-flow wp-block-group-is-layout-flow\">\n<div class=\"wp-block-columns is-layout-flex wp-container-core-columns-is-layout-9d6595d7 wp-block-columns-is-layout-flex\">\n<div class=\"wp-block-column is-layout-flow wp-block-column-is-layout-flow\">\n<h3 class=\"has-text-align-center wp-block-heading\" style=\"font-style:normal;font-weight:400\">Do you have questions about our services or want to plan an event?<\/h3>\n\n\n\n<div class=\"wp-block-buttons is-content-justification-center is-layout-flex wp-container-core-buttons-is-layout-16018d1d wp-block-buttons-is-layout-flex\">\n<div class=\"wp-block-button btn btn-text-icon\"><a class=\"wp-block-button__link\" href=\"https:\/\/palplus.ca\/en\/contact-us\/\">Contact Us<\/a><\/div>\n<\/div>\n<\/div>\n<\/div>\n<\/div>\n","protected":false},"excerpt":{"rendered":"<p>Weddings Your wedding is without a doubt one of the most important days of your life. Let us help you find THE perfect place to celebrate your union. Choose PAL+ to celebrate one of the most important days of your life. No matter which venue you opt for, you\u2019ll be more than happy with both [&hellip;]<\/p>\n","protected":false},"author":1,"featured_media":776,"parent":836,"menu_order":0,"comment_status":"closed","ping_status":"closed","template":"","meta":{"_acf_changed":false,"inline_featured_image":false,"footnotes":""},"class_list":["post-839","page","type-page","status-publish","has-post-thumbnail","hentry"],"acf":[],"yoast_head":"<!-- This site is optimized with the Yoast SEO plugin v27.6 - https:\/\/yoast.com\/product\/yoast-seo-wordpress\/ -->\n<title>Weddings &#8212; PAL+<\/title>\n<meta name=\"robots\" content=\"index, follow, max-snippet:-1, max-image-preview:large, max-video-preview:-1\" \/>\n<link rel=\"canonical\" href=\"https:\/\/palplus.ca\/en\/organize-an-event\/weddings\/\" \/>\n<meta property=\"og:locale\" content=\"en_US\" \/>\n<meta property=\"og:type\" content=\"article\" \/>\n<meta property=\"og:title\" content=\"Weddings &#8212; PAL+\" \/>\n<meta property=\"og:description\" content=\"Weddings Your wedding is without a doubt one of the most important days of your life. Let us help you find THE perfect place to celebrate your union. Choose PAL+ to celebrate one of the most important days of your life. No matter which venue you opt for, you\u2019ll be more than happy with both [&hellip;]\" \/>\n<meta property=\"og:url\" content=\"https:\/\/palplus.ca\/en\/organize-an-event\/weddings\/\" \/>\n<meta property=\"og:site_name\" content=\"PAL+\" \/>\n<meta property=\"article:modified_time\" content=\"2022-09-19T13:27:29+00:00\" \/>\n<meta property=\"og:image\" content=\"https:\/\/palplus.ca\/wp-content\/uploads\/2022\/07\/e4s-mariage-resize.jpg\" \/>\n\t<meta property=\"og:image:width\" content=\"2400\" \/>\n\t<meta property=\"og:image:height\" content=\"1350\" \/>\n\t<meta property=\"og:image:type\" content=\"image\/jpeg\" \/>\n<meta name=\"twitter:card\" content=\"summary_large_image\" \/>\n<meta name=\"twitter:label1\" content=\"Est. reading time\" \/>\n\t<meta name=\"twitter:data1\" content=\"1 minute\" \/>\n<script type=\"application\/ld+json\" class=\"yoast-schema-graph\">{\"@context\":\"https:\\\/\\\/schema.org\",\"@graph\":[{\"@type\":\"WebPage\",\"@id\":\"https:\\\/\\\/palplus.ca\\\/en\\\/organize-an-event\\\/weddings\\\/\",\"url\":\"https:\\\/\\\/palplus.ca\\\/en\\\/organize-an-event\\\/weddings\\\/\",\"name\":\"Weddings &#8212; PAL+\",\"isPartOf\":{\"@id\":\"https:\\\/\\\/palplus.ca\\\/en\\\/#website\"},\"primaryImageOfPage\":{\"@id\":\"https:\\\/\\\/palplus.ca\\\/en\\\/organize-an-event\\\/weddings\\\/#primaryimage\"},\"image\":{\"@id\":\"https:\\\/\\\/palplus.ca\\\/en\\\/organize-an-event\\\/weddings\\\/#primaryimage\"},\"thumbnailUrl\":\"https:\\\/\\\/palplus.ca\\\/wp-content\\\/uploads\\\/2022\\\/07\\\/e4s-mariage-resize.jpg\",\"datePublished\":\"2022-06-13T17:05:34+00:00\",\"dateModified\":\"2022-09-19T13:27:29+00:00\",\"breadcrumb\":{\"@id\":\"https:\\\/\\\/palplus.ca\\\/en\\\/organize-an-event\\\/weddings\\\/#breadcrumb\"},\"inLanguage\":\"en-US\",\"potentialAction\":[{\"@type\":\"ReadAction\",\"target\":[\"https:\\\/\\\/palplus.ca\\\/en\\\/organize-an-event\\\/weddings\\\/\"]}]},{\"@type\":\"ImageObject\",\"inLanguage\":\"en-US\",\"@id\":\"https:\\\/\\\/palplus.ca\\\/en\\\/organize-an-event\\\/weddings\\\/#primaryimage\",\"url\":\"https:\\\/\\\/palplus.ca\\\/wp-content\\\/uploads\\\/2022\\\/07\\\/e4s-mariage-resize.jpg\",\"contentUrl\":\"https:\\\/\\\/palplus.ca\\\/wp-content\\\/uploads\\\/2022\\\/07\\\/e4s-mariage-resize.jpg\",\"width\":2400,\"height\":1350},{\"@type\":\"BreadcrumbList\",\"@id\":\"https:\\\/\\\/palplus.ca\\\/en\\\/organize-an-event\\\/weddings\\\/#breadcrumb\",\"itemListElement\":[{\"@type\":\"ListItem\",\"position\":1,\"name\":\"Accueil\",\"item\":\"https:\\\/\\\/palplus.ca\\\/en\\\/\"},{\"@type\":\"ListItem\",\"position\":2,\"name\":\"Organize An Event\",\"item\":\"https:\\\/\\\/palplus.ca\\\/en\\\/organize-an-event\\\/\"},{\"@type\":\"ListItem\",\"position\":3,\"name\":\"Weddings\"}]},{\"@type\":\"WebSite\",\"@id\":\"https:\\\/\\\/palplus.ca\\\/en\\\/#website\",\"url\":\"https:\\\/\\\/palplus.ca\\\/en\\\/\",\"name\":\"PAL+ Exp\u00e9riences Touristiques\",\"description\":\"Cr\u00e9ateur d&#039;exp\u00e9riences\",\"publisher\":{\"@id\":\"https:\\\/\\\/palplus.ca\\\/en\\\/#organization\"},\"potentialAction\":[{\"@type\":\"SearchAction\",\"target\":{\"@type\":\"EntryPoint\",\"urlTemplate\":\"https:\\\/\\\/palplus.ca\\\/en\\\/?s={search_term_string}\"},\"query-input\":{\"@type\":\"PropertyValueSpecification\",\"valueRequired\":true,\"valueName\":\"search_term_string\"}}],\"inLanguage\":\"en-US\"},{\"@type\":\"Organization\",\"@id\":\"https:\\\/\\\/palplus.ca\\\/en\\\/#organization\",\"name\":\"PAL+ Exp\u00e9riences Touristiques\",\"url\":\"https:\\\/\\\/palplus.ca\\\/en\\\/\",\"logo\":{\"@type\":\"ImageObject\",\"inLanguage\":\"en-US\",\"@id\":\"https:\\\/\\\/palplus.ca\\\/en\\\/#\\\/schema\\\/logo\\\/image\\\/\",\"url\":\"https:\\\/\\\/palplus.ca\\\/wp-content\\\/uploads\\\/2022\\\/08\\\/pal.jpg\",\"contentUrl\":\"https:\\\/\\\/palplus.ca\\\/wp-content\\\/uploads\\\/2022\\\/08\\\/pal.jpg\",\"width\":160,\"height\":160,\"caption\":\"PAL+ Exp\u00e9riences Touristiques\"},\"image\":{\"@id\":\"https:\\\/\\\/palplus.ca\\\/en\\\/#\\\/schema\\\/logo\\\/image\\\/\"},\"sameAs\":[\"https:\\\/\\\/www.linkedin.com\\\/company\\\/palplus\\\/?originalSubdomain=ca\",\"https:\\\/\\\/www.youtube.com\\\/channel\\\/UCZW6NKHiyis-UXnQz0bKX1A\"]}]}<\/script>\n<!-- \/ Yoast SEO plugin. -->","yoast_head_json":{"title":"Weddings &#8212; PAL+","robots":{"index":"index","follow":"follow","max-snippet":"max-snippet:-1","max-image-preview":"max-image-preview:large","max-video-preview":"max-video-preview:-1"},"canonical":"https:\/\/palplus.ca\/en\/organize-an-event\/weddings\/","og_locale":"en_US","og_type":"article","og_title":"Weddings &#8212; PAL+","og_description":"Weddings Your wedding is without a doubt one of the most important days of your life. Let us help you find THE perfect place to celebrate your union. Choose PAL+ to celebrate one of the most important days of your life. No matter which venue you opt for, you\u2019ll be more than happy with both [&hellip;]","og_url":"https:\/\/palplus.ca\/en\/organize-an-event\/weddings\/","og_site_name":"PAL+","article_modified_time":"2022-09-19T13:27:29+00:00","og_image":[{"width":2400,"height":1350,"url":"https:\/\/palplus.ca\/wp-content\/uploads\/2022\/07\/e4s-mariage-resize.jpg","type":"image\/jpeg"}],"twitter_card":"summary_large_image","twitter_misc":{"Est. reading time":"1 minute"},"schema":{"@context":"https:\/\/schema.org","@graph":[{"@type":"WebPage","@id":"https:\/\/palplus.ca\/en\/organize-an-event\/weddings\/","url":"https:\/\/palplus.ca\/en\/organize-an-event\/weddings\/","name":"Weddings &#8212; PAL+","isPartOf":{"@id":"https:\/\/palplus.ca\/en\/#website"},"primaryImageOfPage":{"@id":"https:\/\/palplus.ca\/en\/organize-an-event\/weddings\/#primaryimage"},"image":{"@id":"https:\/\/palplus.ca\/en\/organize-an-event\/weddings\/#primaryimage"},"thumbnailUrl":"https:\/\/palplus.ca\/wp-content\/uploads\/2022\/07\/e4s-mariage-resize.jpg","datePublished":"2022-06-13T17:05:34+00:00","dateModified":"2022-09-19T13:27:29+00:00","breadcrumb":{"@id":"https:\/\/palplus.ca\/en\/organize-an-event\/weddings\/#breadcrumb"},"inLanguage":"en-US","potentialAction":[{"@type":"ReadAction","target":["https:\/\/palplus.ca\/en\/organize-an-event\/weddings\/"]}]},{"@type":"ImageObject","inLanguage":"en-US","@id":"https:\/\/palplus.ca\/en\/organize-an-event\/weddings\/#primaryimage","url":"https:\/\/palplus.ca\/wp-content\/uploads\/2022\/07\/e4s-mariage-resize.jpg","contentUrl":"https:\/\/palplus.ca\/wp-content\/uploads\/2022\/07\/e4s-mariage-resize.jpg","width":2400,"height":1350},{"@type":"BreadcrumbList","@id":"https:\/\/palplus.ca\/en\/organize-an-event\/weddings\/#breadcrumb","itemListElement":[{"@type":"ListItem","position":1,"name":"Accueil","item":"https:\/\/palplus.ca\/en\/"},{"@type":"ListItem","position":2,"name":"Organize An Event","item":"https:\/\/palplus.ca\/en\/organize-an-event\/"},{"@type":"ListItem","position":3,"name":"Weddings"}]},{"@type":"WebSite","@id":"https:\/\/palplus.ca\/en\/#website","url":"https:\/\/palplus.ca\/en\/","name":"PAL+ Exp\u00e9riences Touristiques","description":"Cr\u00e9ateur d&#039;exp\u00e9riences","publisher":{"@id":"https:\/\/palplus.ca\/en\/#organization"},"potentialAction":[{"@type":"SearchAction","target":{"@type":"EntryPoint","urlTemplate":"https:\/\/palplus.ca\/en\/?s={search_term_string}"},"query-input":{"@type":"PropertyValueSpecification","valueRequired":true,"valueName":"search_term_string"}}],"inLanguage":"en-US"},{"@type":"Organization","@id":"https:\/\/palplus.ca\/en\/#organization","name":"PAL+ Exp\u00e9riences Touristiques","url":"https:\/\/palplus.ca\/en\/","logo":{"@type":"ImageObject","inLanguage":"en-US","@id":"https:\/\/palplus.ca\/en\/#\/schema\/logo\/image\/","url":"https:\/\/palplus.ca\/wp-content\/uploads\/2022\/08\/pal.jpg","contentUrl":"https:\/\/palplus.ca\/wp-content\/uploads\/2022\/08\/pal.jpg","width":160,"height":160,"caption":"PAL+ Exp\u00e9riences Touristiques"},"image":{"@id":"https:\/\/palplus.ca\/en\/#\/schema\/logo\/image\/"},"sameAs":["https:\/\/www.linkedin.com\/company\/palplus\/?originalSubdomain=ca","https:\/\/www.youtube.com\/channel\/UCZW6NKHiyis-UXnQz0bKX1A"]}]}},"_links":{"self":[{"href":"https:\/\/palplus.ca\/en\/wp-json\/wp\/v2\/pages\/839","targetHints":{"allow":["GET"]}}],"collection":[{"href":"https:\/\/palplus.ca\/en\/wp-json\/wp\/v2\/pages"}],"about":[{"href":"https:\/\/palplus.ca\/en\/wp-json\/wp\/v2\/types\/page"}],"author":[{"embeddable":true,"href":"https:\/\/palplus.ca\/en\/wp-json\/wp\/v2\/users\/1"}],"replies":[{"embeddable":true,"href":"https:\/\/palplus.ca\/en\/wp-json\/wp\/v2\/comments?post=839"}],"version-history":[{"count":0,"href":"https:\/\/palplus.ca\/en\/wp-json\/wp\/v2\/pages\/839\/revisions"}],"up":[{"embeddable":true,"href":"https:\/\/palplus.ca\/en\/wp-json\/wp\/v2\/pages\/836"}],"wp:featuredmedia":[{"embeddable":true,"href":"https:\/\/palplus.ca\/en\/wp-json\/wp\/v2\/media\/776"}],"wp:attachment":[{"href":"https:\/\/palplus.ca\/en\/wp-json\/wp\/v2\/media?parent=839"}],"curies":[{"name":"wp","href":"https:\/\/api.w.org\/{rel}","templated":true}]}}